{"id":512,"date":"2026-03-01T12:20:11","date_gmt":"2026-03-01T12:20:11","guid":{"rendered":"https:\/\/artaora.com\/product\/boucles-doreilles-puces-vertes-avec-engrenages-en-laiton-sous-resine\/"},"modified":"2026-03-01T13:52:44","modified_gmt":"2026-03-01T13:52:44","slug":"boucles-doreilles-puces-vertes-avec-engrenages-en-laiton-sous-resine","status":"publish","type":"product","link":"https:\/\/artaora.com\/fr\/produit\/boucles-doreilles-puces-vertes-avec-engrenages-en-laiton-sous-resine\/","title":{"rendered":"Boucles d\u2019oreilles puces vertes avec engrenages en laiton sous r\u00e9sine"},"content":{"rendered":"<p>Un pigment vert intense s\u2019\u00e9tend sous une composition d\u2019engrenages en laiton et en acier encapsul\u00e9s sous r\u00e9sine transparente. Con\u00e7ues comme des boucles m\u00e9caniques de petit format, elles mettent en valeur la g\u00e9om\u00e9trie m\u00e9tallique sur un fond satur\u00e9 \u00e0 l\u2019esth\u00e9tique steampunk affirm\u00e9e.<\/p>\n","protected":false},"excerpt":{"rendered":"<p>Un pigment vert intense s\u2019\u00e9tend sous une composition d\u2019engrenages en laiton et en acier encapsul\u00e9s sous r\u00e9sine transparente. Con\u00e7ues comme des boucles m\u00e9caniques de petit format, elles mettent en valeur la g\u00e9om\u00e9trie m\u00e9tallique sur un fond satur\u00e9 \u00e0 l\u2019esth\u00e9tique steampunk affirm\u00e9e.<\/p>\n","protected":false},"featured_media":509,"comment_status":"open","ping_status":"closed","template":"","meta":[],"product_brand":[],"product_cat":[256],"product_tag":[],"class_list":{"0":"post-512","1":"product","2":"type-product","3":"status-publish","4":"has-post-thumbnail","6":"product_cat-boucles-doreilles","7":"pa_charm-pieces-de-montre-uniquement","8":"pa_color-vert","9":"pa_size-12mm","11":"first","12":"instock","13":"taxable","14":"shipping-taxable","15":"purchasable","16":"product-type-simple"},"_links":{"self":[{"href":"https:\/\/artaora.com\/fr\/wp-json\/wp\/v2\/product\/512","targetHints":{"allow":["GET"]}}],"collection":[{"href":"https:\/\/artaora.com\/fr\/wp-json\/wp\/v2\/product"}],"about":[{"href":"https:\/\/artaora.com\/fr\/wp-json\/wp\/v2\/types\/product"}],"replies":[{"embeddable":true,"href":"https:\/\/artaora.com\/fr\/wp-json\/wp\/v2\/comments?post=512"}],"wp:featuredmedia":[{"embeddable":true,"href":"https:\/\/artaora.com\/fr\/wp-json\/wp\/v2\/media\/509"}],"wp:attachment":[{"href":"https:\/\/artaora.com\/fr\/wp-json\/wp\/v2\/media?parent=512"}],"wp:term":[{"taxonomy":"product_brand","embeddable":true,"href":"https:\/\/artaora.com\/fr\/wp-json\/wp\/v2\/product_brand?post=512"},{"taxonomy":"product_cat","embeddable":true,"href":"https:\/\/artaora.com\/fr\/wp-json\/wp\/v2\/product_cat?post=512"},{"taxonomy":"product_tag","embeddable":true,"href":"https:\/\/artaora.com\/fr\/wp-json\/wp\/v2\/product_tag?post=512"}],"curies":[{"name":"wp","href":"https:\/\/api.w.org\/{rel}","templated":true}]}}