{"id":516,"date":"2026-03-01T12:20:12","date_gmt":"2026-03-01T12:20:12","guid":{"rendered":"https:\/\/artaora.com\/product\/boucles-doreilles-puces-turquoise-steampunk-avec-engrenages-sous-resine\/"},"modified":"2026-03-01T13:52:44","modified_gmt":"2026-03-01T13:52:44","slug":"boucles-doreilles-puces-turquoise-steampunk-avec-engrenages-sous-resine","status":"publish","type":"product","link":"https:\/\/artaora.com\/fr\/produit\/boucles-doreilles-puces-turquoise-steampunk-avec-engrenages-sous-resine\/","title":{"rendered":"Boucles d\u2019oreilles puces turquoise steampunk avec engrenages sous r\u00e9sine"},"content":{"rendered":"<p>Une base peinte turquoise apporte une profondeur froide sous des composants de montre visibles fix\u00e9s sous r\u00e9sine. Ces boucles steampunk faites main privil\u00e9gient la lisibilit\u00e9 de la structure, chaque engrenage restant distinct dans une composition circulaire \u00e9quilibr\u00e9e.<\/p>\n","protected":false},"excerpt":{"rendered":"<p>Une base peinte turquoise apporte une profondeur froide sous des composants de montre visibles fix\u00e9s sous r\u00e9sine. Ces boucles steampunk faites main privil\u00e9gient la lisibilit\u00e9 de la structure, chaque engrenage restant distinct dans une composition circulaire \u00e9quilibr\u00e9e.<\/p>\n","protected":false},"featured_media":513,"comment_status":"open","ping_status":"closed","template":"","meta":[],"product_brand":[],"product_cat":[256],"product_tag":[],"class_list":{"0":"post-516","1":"product","2":"type-product","3":"status-publish","4":"has-post-thumbnail","6":"product_cat-boucles-doreilles","7":"pa_charm-pieces-de-montre-uniquement","8":"pa_color-turquoise","9":"pa_size-12mm","11":"first","12":"instock","13":"taxable","14":"shipping-taxable","15":"purchasable","16":"product-type-simple"},"_links":{"self":[{"href":"https:\/\/artaora.com\/fr\/wp-json\/wp\/v2\/product\/516","targetHints":{"allow":["GET"]}}],"collection":[{"href":"https:\/\/artaora.com\/fr\/wp-json\/wp\/v2\/product"}],"about":[{"href":"https:\/\/artaora.com\/fr\/wp-json\/wp\/v2\/types\/product"}],"replies":[{"embeddable":true,"href":"https:\/\/artaora.com\/fr\/wp-json\/wp\/v2\/comments?post=516"}],"wp:featuredmedia":[{"embeddable":true,"href":"https:\/\/artaora.com\/fr\/wp-json\/wp\/v2\/media\/513"}],"wp:attachment":[{"href":"https:\/\/artaora.com\/fr\/wp-json\/wp\/v2\/media?parent=516"}],"wp:term":[{"taxonomy":"product_brand","embeddable":true,"href":"https:\/\/artaora.com\/fr\/wp-json\/wp\/v2\/product_brand?post=516"},{"taxonomy":"product_cat","embeddable":true,"href":"https:\/\/artaora.com\/fr\/wp-json\/wp\/v2\/product_cat?post=516"},{"taxonomy":"product_tag","embeddable":true,"href":"https:\/\/artaora.com\/fr\/wp-json\/wp\/v2\/product_tag?post=516"}],"curies":[{"name":"wp","href":"https:\/\/api.w.org\/{rel}","templated":true}]}}