{"id":524,"date":"2026-03-01T12:20:15","date_gmt":"2026-03-01T12:20:15","guid":{"rendered":"https:\/\/artaora.com\/product\/boucles-doreilles-turquoise-a-engrenages-mecaniques\/"},"modified":"2026-03-01T13:52:45","modified_gmt":"2026-03-01T13:52:45","slug":"boucles-doreilles-turquoise-a-engrenages-mecaniques","status":"publish","type":"product","link":"https:\/\/artaora.com\/fr\/produit\/boucles-doreilles-turquoise-a-engrenages-mecaniques\/","title":{"rendered":"Boucles d\u2019oreilles turquoise \u00e0 engrenages m\u00e9caniques"},"content":{"rendered":"<p>Une base peinte en turquoise vif met en valeur des engrenages recycl\u00e9s superpos\u00e9s dans ces boucles de 12mm. La finition en r\u00e9sine apporte de la profondeur sans modifier la dominance chromatique, affirmant un bijou industriel con\u00e7u \u00e0 partir de pi\u00e8ces horlog\u00e8res recycl\u00e9es.<\/p>\n","protected":false},"excerpt":{"rendered":"<p>Une base peinte en turquoise vif met en valeur des engrenages recycl\u00e9s superpos\u00e9s dans ces boucles de 12mm. La finition en r\u00e9sine apporte de la profondeur sans modifier la dominance chromatique, affirmant un bijou industriel con\u00e7u \u00e0 partir de pi\u00e8ces horlog\u00e8res recycl\u00e9es.<\/p>\n","protected":false},"featured_media":521,"comment_status":"open","ping_status":"closed","template":"","meta":[],"product_brand":[],"product_cat":[256],"product_tag":[],"class_list":{"0":"post-524","1":"product","2":"type-product","3":"status-publish","4":"has-post-thumbnail","6":"product_cat-boucles-doreilles","7":"pa_charm-pieces-de-montre-uniquement","8":"pa_color-turquoise","9":"pa_size-12mm","11":"first","12":"instock","13":"taxable","14":"shipping-taxable","15":"purchasable","16":"product-type-simple"},"_links":{"self":[{"href":"https:\/\/artaora.com\/fr\/wp-json\/wp\/v2\/product\/524","targetHints":{"allow":["GET"]}}],"collection":[{"href":"https:\/\/artaora.com\/fr\/wp-json\/wp\/v2\/product"}],"about":[{"href":"https:\/\/artaora.com\/fr\/wp-json\/wp\/v2\/types\/product"}],"replies":[{"embeddable":true,"href":"https:\/\/artaora.com\/fr\/wp-json\/wp\/v2\/comments?post=524"}],"wp:featuredmedia":[{"embeddable":true,"href":"https:\/\/artaora.com\/fr\/wp-json\/wp\/v2\/media\/521"}],"wp:attachment":[{"href":"https:\/\/artaora.com\/fr\/wp-json\/wp\/v2\/media?parent=524"}],"wp:term":[{"taxonomy":"product_brand","embeddable":true,"href":"https:\/\/artaora.com\/fr\/wp-json\/wp\/v2\/product_brand?post=524"},{"taxonomy":"product_cat","embeddable":true,"href":"https:\/\/artaora.com\/fr\/wp-json\/wp\/v2\/product_cat?post=524"},{"taxonomy":"product_tag","embeddable":true,"href":"https:\/\/artaora.com\/fr\/wp-json\/wp\/v2\/product_tag?post=524"}],"curies":[{"name":"wp","href":"https:\/\/api.w.org\/{rel}","templated":true}]}}