{"id":528,"date":"2026-03-01T12:20:16","date_gmt":"2026-03-01T12:20:16","guid":{"rendered":"https:\/\/artaora.com\/product\/boucles-doreilles-steampunk-dorees-a-engrenages\/"},"modified":"2026-03-01T13:52:46","modified_gmt":"2026-03-01T13:52:46","slug":"boucles-doreilles-steampunk-dorees-a-engrenages","status":"publish","type":"product","link":"https:\/\/artaora.com\/fr\/produit\/boucles-doreilles-steampunk-dorees-a-engrenages\/","title":{"rendered":"Boucles d\u2019oreilles steampunk dor\u00e9es \u00e0 engrenages"},"content":{"rendered":"<p>La base peinte en dor\u00e9 m\u00e9tallique structure l\u2019esth\u00e9tique de ces boucles d\u2019oreilles de 12mm en acier inoxydable. Des engrenages recycl\u00e9s sont dispos\u00e9s en relief puis scell\u00e9s sous r\u00e9sine, formant des boucles industrielles issues de pi\u00e8ces horlog\u00e8res r\u00e9employ\u00e9es.<\/p>\n","protected":false},"excerpt":{"rendered":"<p>La base peinte en dor\u00e9 m\u00e9tallique structure l\u2019esth\u00e9tique de ces boucles d\u2019oreilles de 12mm en acier inoxydable. Des engrenages recycl\u00e9s sont dispos\u00e9s en relief puis scell\u00e9s sous r\u00e9sine, formant des boucles industrielles issues de pi\u00e8ces horlog\u00e8res r\u00e9employ\u00e9es.<\/p>\n","protected":false},"featured_media":525,"comment_status":"open","ping_status":"closed","template":"","meta":[],"product_brand":[],"product_cat":[256],"product_tag":[],"class_list":{"0":"post-528","1":"product","2":"type-product","3":"status-publish","4":"has-post-thumbnail","6":"product_cat-boucles-doreilles","7":"pa_charm-pieces-de-montre-uniquement","8":"pa_color-dore","9":"pa_size-12mm","11":"first","12":"instock","13":"taxable","14":"shipping-taxable","15":"purchasable","16":"product-type-simple"},"_links":{"self":[{"href":"https:\/\/artaora.com\/fr\/wp-json\/wp\/v2\/product\/528","targetHints":{"allow":["GET"]}}],"collection":[{"href":"https:\/\/artaora.com\/fr\/wp-json\/wp\/v2\/product"}],"about":[{"href":"https:\/\/artaora.com\/fr\/wp-json\/wp\/v2\/types\/product"}],"replies":[{"embeddable":true,"href":"https:\/\/artaora.com\/fr\/wp-json\/wp\/v2\/comments?post=528"}],"wp:featuredmedia":[{"embeddable":true,"href":"https:\/\/artaora.com\/fr\/wp-json\/wp\/v2\/media\/525"}],"wp:attachment":[{"href":"https:\/\/artaora.com\/fr\/wp-json\/wp\/v2\/media?parent=528"}],"wp:term":[{"taxonomy":"product_brand","embeddable":true,"href":"https:\/\/artaora.com\/fr\/wp-json\/wp\/v2\/product_brand?post=528"},{"taxonomy":"product_cat","embeddable":true,"href":"https:\/\/artaora.com\/fr\/wp-json\/wp\/v2\/product_cat?post=528"},{"taxonomy":"product_tag","embeddable":true,"href":"https:\/\/artaora.com\/fr\/wp-json\/wp\/v2\/product_tag?post=528"}],"curies":[{"name":"wp","href":"https:\/\/api.w.org\/{rel}","templated":true}]}}