{"id":532,"date":"2026-03-01T12:20:17","date_gmt":"2026-03-01T12:20:17","guid":{"rendered":"https:\/\/artaora.com\/product\/boucles-doreilles-industrielles-violettes-a-engrenages\/"},"modified":"2026-03-01T13:52:46","modified_gmt":"2026-03-01T13:52:46","slug":"boucles-doreilles-industrielles-violettes-a-engrenages","status":"publish","type":"product","link":"https:\/\/artaora.com\/fr\/produit\/boucles-doreilles-industrielles-violettes-a-engrenages\/","title":{"rendered":"Boucles d\u2019oreilles industrielles violettes \u00e0 engrenages"},"content":{"rendered":"<p>Pos\u00e9s sur une base peinte en violet, des engrenages apparents composent une structure m\u00e9canique marqu\u00e9e au format 12mm. L\u2019acier inoxydable et la r\u00e9sine de protection maintiennent la finesse des d\u00e9tails, affirmant des boucles steampunk artisanales.<\/p>\n","protected":false},"excerpt":{"rendered":"<p>Pos\u00e9s sur une base peinte en violet, des engrenages apparents composent une structure m\u00e9canique marqu\u00e9e au format 12mm. L\u2019acier inoxydable et la r\u00e9sine de protection maintiennent la finesse des d\u00e9tails, affirmant des boucles steampunk artisanales.<\/p>\n","protected":false},"featured_media":529,"comment_status":"open","ping_status":"closed","template":"","meta":[],"product_brand":[],"product_cat":[256],"product_tag":[],"class_list":{"0":"post-532","1":"product","2":"type-product","3":"status-publish","4":"has-post-thumbnail","6":"product_cat-boucles-doreilles","7":"pa_charm-pieces-de-montre-uniquement","8":"pa_color-violet","9":"pa_size-12mm","11":"first","12":"instock","13":"taxable","14":"shipping-taxable","15":"purchasable","16":"product-type-simple"},"_links":{"self":[{"href":"https:\/\/artaora.com\/fr\/wp-json\/wp\/v2\/product\/532","targetHints":{"allow":["GET"]}}],"collection":[{"href":"https:\/\/artaora.com\/fr\/wp-json\/wp\/v2\/product"}],"about":[{"href":"https:\/\/artaora.com\/fr\/wp-json\/wp\/v2\/types\/product"}],"replies":[{"embeddable":true,"href":"https:\/\/artaora.com\/fr\/wp-json\/wp\/v2\/comments?post=532"}],"wp:featuredmedia":[{"embeddable":true,"href":"https:\/\/artaora.com\/fr\/wp-json\/wp\/v2\/media\/529"}],"wp:attachment":[{"href":"https:\/\/artaora.com\/fr\/wp-json\/wp\/v2\/media?parent=532"}],"wp:term":[{"taxonomy":"product_brand","embeddable":true,"href":"https:\/\/artaora.com\/fr\/wp-json\/wp\/v2\/product_brand?post=532"},{"taxonomy":"product_cat","embeddable":true,"href":"https:\/\/artaora.com\/fr\/wp-json\/wp\/v2\/product_cat?post=532"},{"taxonomy":"product_tag","embeddable":true,"href":"https:\/\/artaora.com\/fr\/wp-json\/wp\/v2\/product_tag?post=532"}],"curies":[{"name":"wp","href":"https:\/\/api.w.org\/{rel}","templated":true}]}}