{"id":536,"date":"2026-03-01T12:20:19","date_gmt":"2026-03-01T12:20:19","guid":{"rendered":"https:\/\/artaora.com\/product\/boucles-doreilles-violettes-mecaniques-superposees\/"},"modified":"2026-03-01T13:52:47","modified_gmt":"2026-03-01T13:52:47","slug":"boucles-doreilles-violettes-mecaniques-superposees","status":"publish","type":"product","link":"https:\/\/artaora.com\/fr\/produit\/boucles-doreilles-violettes-mecaniques-superposees\/","title":{"rendered":"Boucles d\u2019oreilles violettes m\u00e9caniques superpos\u00e9es"},"content":{"rendered":"<p>Les \u00e9l\u00e9ments de pr\u00e9cision dominent ces boucles de 12mm, dispos\u00e9s sur une surface peinte en violet offrant un contraste marqu\u00e9. L\u2019agencement \u00e9quilibr\u00e9 des engrenages recycl\u00e9s et la finition en r\u00e9sine en font un bijou industriel compact adapt\u00e9 au quotidien.<\/p>\n","protected":false},"excerpt":{"rendered":"<p>Les \u00e9l\u00e9ments de pr\u00e9cision dominent ces boucles de 12mm, dispos\u00e9s sur une surface peinte en violet offrant un contraste marqu\u00e9. L\u2019agencement \u00e9quilibr\u00e9 des engrenages recycl\u00e9s et la finition en r\u00e9sine en font un bijou industriel compact adapt\u00e9 au quotidien.<\/p>\n","protected":false},"featured_media":533,"comment_status":"open","ping_status":"closed","template":"","meta":[],"product_brand":[],"product_cat":[256],"product_tag":[],"class_list":{"0":"post-536","1":"product","2":"type-product","3":"status-publish","4":"has-post-thumbnail","6":"product_cat-boucles-doreilles","7":"pa_charm-pieces-de-montre-uniquement","8":"pa_color-violet","9":"pa_size-12mm","11":"first","12":"instock","13":"taxable","14":"shipping-taxable","15":"purchasable","16":"product-type-simple"},"_links":{"self":[{"href":"https:\/\/artaora.com\/fr\/wp-json\/wp\/v2\/product\/536","targetHints":{"allow":["GET"]}}],"collection":[{"href":"https:\/\/artaora.com\/fr\/wp-json\/wp\/v2\/product"}],"about":[{"href":"https:\/\/artaora.com\/fr\/wp-json\/wp\/v2\/types\/product"}],"replies":[{"embeddable":true,"href":"https:\/\/artaora.com\/fr\/wp-json\/wp\/v2\/comments?post=536"}],"wp:featuredmedia":[{"embeddable":true,"href":"https:\/\/artaora.com\/fr\/wp-json\/wp\/v2\/media\/533"}],"wp:attachment":[{"href":"https:\/\/artaora.com\/fr\/wp-json\/wp\/v2\/media?parent=536"}],"wp:term":[{"taxonomy":"product_brand","embeddable":true,"href":"https:\/\/artaora.com\/fr\/wp-json\/wp\/v2\/product_brand?post=536"},{"taxonomy":"product_cat","embeddable":true,"href":"https:\/\/artaora.com\/fr\/wp-json\/wp\/v2\/product_cat?post=536"},{"taxonomy":"product_tag","embeddable":true,"href":"https:\/\/artaora.com\/fr\/wp-json\/wp\/v2\/product_tag?post=536"}],"curies":[{"name":"wp","href":"https:\/\/api.w.org\/{rel}","templated":true}]}}