{"id":540,"date":"2026-03-01T12:20:21","date_gmt":"2026-03-01T12:20:21","guid":{"rendered":"https:\/\/artaora.com\/product\/boucles-doreilles-noires-a-composition-dengrenages\/"},"modified":"2026-03-01T13:52:47","modified_gmt":"2026-03-01T13:52:47","slug":"boucles-doreilles-noires-a-composition-dengrenages","status":"publish","type":"product","link":"https:\/\/artaora.com\/fr\/produit\/boucles-doreilles-noires-a-composition-dengrenages\/","title":{"rendered":"Boucles d\u2019oreilles noires \u00e0 composition d\u2019engrenages"},"content":{"rendered":"<p>Le contraste prononc\u00e9 caract\u00e9rise cette paire : des engrenages recycl\u00e9s dor\u00e9s se d\u00e9tachent nettement sur une base peinte en noir. Le format 12mm en acier inoxydable conserve une silhouette compacte tout en affirmant un bijou industriel issu de pi\u00e8ces horlog\u00e8res recycl\u00e9es.<\/p>\n","protected":false},"excerpt":{"rendered":"<p>Le contraste prononc\u00e9 caract\u00e9rise cette paire : des engrenages recycl\u00e9s dor\u00e9s se d\u00e9tachent nettement sur une base peinte en noir. Le format 12mm en acier inoxydable conserve une silhouette compacte tout en affirmant un bijou industriel issu de pi\u00e8ces horlog\u00e8res recycl\u00e9es.<\/p>\n","protected":false},"featured_media":537,"comment_status":"open","ping_status":"closed","template":"","meta":[],"product_brand":[],"product_cat":[256],"product_tag":[],"class_list":{"0":"post-540","1":"product","2":"type-product","3":"status-publish","4":"has-post-thumbnail","6":"product_cat-boucles-doreilles","7":"pa_charm-pieces-de-montre-uniquement","8":"pa_color-noir","9":"pa_size-12mm","11":"first","12":"instock","13":"taxable","14":"shipping-taxable","15":"purchasable","16":"product-type-simple"},"_links":{"self":[{"href":"https:\/\/artaora.com\/fr\/wp-json\/wp\/v2\/product\/540","targetHints":{"allow":["GET"]}}],"collection":[{"href":"https:\/\/artaora.com\/fr\/wp-json\/wp\/v2\/product"}],"about":[{"href":"https:\/\/artaora.com\/fr\/wp-json\/wp\/v2\/types\/product"}],"replies":[{"embeddable":true,"href":"https:\/\/artaora.com\/fr\/wp-json\/wp\/v2\/comments?post=540"}],"wp:featuredmedia":[{"embeddable":true,"href":"https:\/\/artaora.com\/fr\/wp-json\/wp\/v2\/media\/537"}],"wp:attachment":[{"href":"https:\/\/artaora.com\/fr\/wp-json\/wp\/v2\/media?parent=540"}],"wp:term":[{"taxonomy":"product_brand","embeddable":true,"href":"https:\/\/artaora.com\/fr\/wp-json\/wp\/v2\/product_brand?post=540"},{"taxonomy":"product_cat","embeddable":true,"href":"https:\/\/artaora.com\/fr\/wp-json\/wp\/v2\/product_cat?post=540"},{"taxonomy":"product_tag","embeddable":true,"href":"https:\/\/artaora.com\/fr\/wp-json\/wp\/v2\/product_tag?post=540"}],"curies":[{"name":"wp","href":"https:\/\/api.w.org\/{rel}","templated":true}]}}