{"id":544,"date":"2026-03-01T12:20:22","date_gmt":"2026-03-01T12:20:22","guid":{"rendered":"https:\/\/artaora.com\/product\/boucles-doreilles-rouges-a-mecanisme-industriel\/"},"modified":"2026-03-01T13:52:48","modified_gmt":"2026-03-01T13:52:48","slug":"boucles-doreilles-rouges-a-mecanisme-industriel","status":"publish","type":"product","link":"https:\/\/artaora.com\/fr\/produit\/boucles-doreilles-rouges-a-mecanisme-industriel\/","title":{"rendered":"Boucles d\u2019oreilles rouges \u00e0 m\u00e9canisme industriel"},"content":{"rendered":"<p>La couleur structure l\u2019ensemble : une base peinte en rouge soutenu accentue la pr\u00e9sence d\u2019engrenages recycl\u00e9s superpos\u00e9s. Scell\u00e9es sous r\u00e9sine et mont\u00e9es sur acier inoxydable, ces boucles artisanales forment un accessoire steampunk compact \u00e0 forte pr\u00e9sence visuelle.<\/p>\n","protected":false},"excerpt":{"rendered":"<p>La couleur structure l\u2019ensemble : une base peinte en rouge soutenu accentue la pr\u00e9sence d\u2019engrenages recycl\u00e9s superpos\u00e9s. Scell\u00e9es sous r\u00e9sine et mont\u00e9es sur acier inoxydable, ces boucles artisanales forment un accessoire steampunk compact \u00e0 forte pr\u00e9sence visuelle.<\/p>\n","protected":false},"featured_media":541,"comment_status":"open","ping_status":"closed","template":"","meta":[],"product_brand":[],"product_cat":[256],"product_tag":[],"class_list":{"0":"post-544","1":"product","2":"type-product","3":"status-publish","4":"has-post-thumbnail","6":"product_cat-boucles-doreilles","7":"pa_charm-pieces-de-montre-uniquement","8":"pa_color-rouge","9":"pa_size-12mm","11":"first","12":"instock","13":"taxable","14":"shipping-taxable","15":"purchasable","16":"product-type-simple"},"_links":{"self":[{"href":"https:\/\/artaora.com\/fr\/wp-json\/wp\/v2\/product\/544","targetHints":{"allow":["GET"]}}],"collection":[{"href":"https:\/\/artaora.com\/fr\/wp-json\/wp\/v2\/product"}],"about":[{"href":"https:\/\/artaora.com\/fr\/wp-json\/wp\/v2\/types\/product"}],"replies":[{"embeddable":true,"href":"https:\/\/artaora.com\/fr\/wp-json\/wp\/v2\/comments?post=544"}],"wp:featuredmedia":[{"embeddable":true,"href":"https:\/\/artaora.com\/fr\/wp-json\/wp\/v2\/media\/541"}],"wp:attachment":[{"href":"https:\/\/artaora.com\/fr\/wp-json\/wp\/v2\/media?parent=544"}],"wp:term":[{"taxonomy":"product_brand","embeddable":true,"href":"https:\/\/artaora.com\/fr\/wp-json\/wp\/v2\/product_brand?post=544"},{"taxonomy":"product_cat","embeddable":true,"href":"https:\/\/artaora.com\/fr\/wp-json\/wp\/v2\/product_cat?post=544"},{"taxonomy":"product_tag","embeddable":true,"href":"https:\/\/artaora.com\/fr\/wp-json\/wp\/v2\/product_tag?post=544"}],"curies":[{"name":"wp","href":"https:\/\/api.w.org\/{rel}","templated":true}]}}