{"id":548,"date":"2026-03-01T12:20:23","date_gmt":"2026-03-01T12:20:23","guid":{"rendered":"https:\/\/artaora.com\/product\/boucles-doreilles-dorees-mecaniques-superposees\/"},"modified":"2026-03-01T13:52:48","modified_gmt":"2026-03-01T13:52:48","slug":"boucles-doreilles-dorees-mecaniques-superposees","status":"publish","type":"product","link":"https:\/\/artaora.com\/fr\/produit\/boucles-doreilles-dorees-mecaniques-superposees\/","title":{"rendered":"Boucles d\u2019oreilles dor\u00e9es m\u00e9caniques superpos\u00e9es"},"content":{"rendered":"<p>Une base peinte en dor\u00e9 chaud cr\u00e9e un ensemble quasi monochrome o\u00f9 des engrenages recycl\u00e9s se fondent et se superposent avec finesse. Le support en acier inoxydable de 12mm et la r\u00e9sine protectrice pr\u00e9servent l\u2019assemblage, formant des boucles m\u00e9caniques au style industriel ma\u00eetris\u00e9.<\/p>\n","protected":false},"excerpt":{"rendered":"<p>Une base peinte en dor\u00e9 chaud cr\u00e9e un ensemble quasi monochrome o\u00f9 des engrenages recycl\u00e9s se fondent et se superposent avec finesse. Le support en acier inoxydable de 12mm et la r\u00e9sine protectrice pr\u00e9servent l\u2019assemblage, formant des boucles m\u00e9caniques au style industriel ma\u00eetris\u00e9.<\/p>\n","protected":false},"featured_media":545,"comment_status":"open","ping_status":"closed","template":"","meta":[],"product_brand":[],"product_cat":[256],"product_tag":[],"class_list":{"0":"post-548","1":"product","2":"type-product","3":"status-publish","4":"has-post-thumbnail","6":"product_cat-boucles-doreilles","7":"pa_charm-pieces-de-montre-uniquement","8":"pa_color-dore","9":"pa_size-12mm","11":"first","12":"instock","13":"taxable","14":"shipping-taxable","15":"purchasable","16":"product-type-simple"},"_links":{"self":[{"href":"https:\/\/artaora.com\/fr\/wp-json\/wp\/v2\/product\/548","targetHints":{"allow":["GET"]}}],"collection":[{"href":"https:\/\/artaora.com\/fr\/wp-json\/wp\/v2\/product"}],"about":[{"href":"https:\/\/artaora.com\/fr\/wp-json\/wp\/v2\/types\/product"}],"replies":[{"embeddable":true,"href":"https:\/\/artaora.com\/fr\/wp-json\/wp\/v2\/comments?post=548"}],"wp:featuredmedia":[{"embeddable":true,"href":"https:\/\/artaora.com\/fr\/wp-json\/wp\/v2\/media\/545"}],"wp:attachment":[{"href":"https:\/\/artaora.com\/fr\/wp-json\/wp\/v2\/media?parent=548"}],"wp:term":[{"taxonomy":"product_brand","embeddable":true,"href":"https:\/\/artaora.com\/fr\/wp-json\/wp\/v2\/product_brand?post=548"},{"taxonomy":"product_cat","embeddable":true,"href":"https:\/\/artaora.com\/fr\/wp-json\/wp\/v2\/product_cat?post=548"},{"taxonomy":"product_tag","embeddable":true,"href":"https:\/\/artaora.com\/fr\/wp-json\/wp\/v2\/product_tag?post=548"}],"curies":[{"name":"wp","href":"https:\/\/api.w.org\/{rel}","templated":true}]}}