{"id":552,"date":"2026-03-01T12:20:25","date_gmt":"2026-03-01T12:20:25","guid":{"rendered":"https:\/\/artaora.com\/product\/boucles-doreilles-turquoise-art-industriel-a-engrenages\/"},"modified":"2026-03-01T13:52:49","modified_gmt":"2026-03-01T13:52:49","slug":"boucles-doreilles-turquoise-art-industriel-a-engrenages","status":"publish","type":"product","link":"https:\/\/artaora.com\/fr\/produit\/boucles-doreilles-turquoise-art-industriel-a-engrenages\/","title":{"rendered":"Boucles d\u2019oreilles turquoise art industriel \u00e0 engrenages"},"content":{"rendered":"<p>La g\u00e9om\u00e9trie m\u00e9canique s\u2019associe \u00e0 une couleur vive dans cette composition de 12mm pos\u00e9e sur une base peinte en turquoise. Les engrenages recycl\u00e9s sont d\u00e9cal\u00e9s pour sugg\u00e9rer le mouvement, formant des boucles industrielles artisanales \u00e0 forte identit\u00e9 graphique.<\/p>\n","protected":false},"excerpt":{"rendered":"<p>La g\u00e9om\u00e9trie m\u00e9canique s\u2019associe \u00e0 une couleur vive dans cette composition de 12mm pos\u00e9e sur une base peinte en turquoise. Les engrenages recycl\u00e9s sont d\u00e9cal\u00e9s pour sugg\u00e9rer le mouvement, formant des boucles industrielles artisanales \u00e0 forte identit\u00e9 graphique.<\/p>\n","protected":false},"featured_media":549,"comment_status":"open","ping_status":"closed","template":"","meta":[],"product_brand":[],"product_cat":[256],"product_tag":[],"class_list":{"0":"post-552","1":"product","2":"type-product","3":"status-publish","4":"has-post-thumbnail","6":"product_cat-boucles-doreilles","7":"pa_charm-pieces-de-montre-uniquement","8":"pa_color-turquoise","9":"pa_size-12mm","11":"first","12":"instock","13":"taxable","14":"shipping-taxable","15":"purchasable","16":"product-type-simple"},"_links":{"self":[{"href":"https:\/\/artaora.com\/fr\/wp-json\/wp\/v2\/product\/552","targetHints":{"allow":["GET"]}}],"collection":[{"href":"https:\/\/artaora.com\/fr\/wp-json\/wp\/v2\/product"}],"about":[{"href":"https:\/\/artaora.com\/fr\/wp-json\/wp\/v2\/types\/product"}],"replies":[{"embeddable":true,"href":"https:\/\/artaora.com\/fr\/wp-json\/wp\/v2\/comments?post=552"}],"wp:featuredmedia":[{"embeddable":true,"href":"https:\/\/artaora.com\/fr\/wp-json\/wp\/v2\/media\/549"}],"wp:attachment":[{"href":"https:\/\/artaora.com\/fr\/wp-json\/wp\/v2\/media?parent=552"}],"wp:term":[{"taxonomy":"product_brand","embeddable":true,"href":"https:\/\/artaora.com\/fr\/wp-json\/wp\/v2\/product_brand?post=552"},{"taxonomy":"product_cat","embeddable":true,"href":"https:\/\/artaora.com\/fr\/wp-json\/wp\/v2\/product_cat?post=552"},{"taxonomy":"product_tag","embeddable":true,"href":"https:\/\/artaora.com\/fr\/wp-json\/wp\/v2\/product_tag?post=552"}],"curies":[{"name":"wp","href":"https:\/\/api.w.org\/{rel}","templated":true}]}}