{"id":556,"date":"2026-03-01T12:20:27","date_gmt":"2026-03-01T12:20:27","guid":{"rendered":"https:\/\/artaora.com\/product\/boucles-doreilles-noires-a-contraste-mecanique\/"},"modified":"2026-03-01T13:52:49","modified_gmt":"2026-03-01T13:52:49","slug":"boucles-doreilles-noires-a-contraste-mecanique","status":"publish","type":"product","link":"https:\/\/artaora.com\/fr\/produit\/boucles-doreilles-noires-a-contraste-mecanique\/","title":{"rendered":"Boucles d\u2019oreilles noires \u00e0 contraste m\u00e9canique"},"content":{"rendered":"<p>Sur une base peinte en noir, des engrenages recycl\u00e9s de grande taille occupent l\u2019espace de 12mm avec une asym\u00e9trie volontaire. La r\u00e9sine polie apporte de la profondeur tout en conservant la base mate, affirmant des boucles steampunk \u00e0 caract\u00e8re industriel prononc\u00e9.<\/p>\n","protected":false},"excerpt":{"rendered":"<p>Sur une base peinte en noir, des engrenages recycl\u00e9s de grande taille occupent l\u2019espace de 12mm avec une asym\u00e9trie volontaire. La r\u00e9sine polie apporte de la profondeur tout en conservant la base mate, affirmant des boucles steampunk \u00e0 caract\u00e8re industriel prononc\u00e9.<\/p>\n","protected":false},"featured_media":553,"comment_status":"open","ping_status":"closed","template":"","meta":[],"product_brand":[],"product_cat":[256],"product_tag":[],"class_list":{"0":"post-556","1":"product","2":"type-product","3":"status-publish","4":"has-post-thumbnail","6":"product_cat-boucles-doreilles","7":"pa_charm-pieces-de-montre-uniquement","8":"pa_color-noir","9":"pa_size-12mm","11":"first","12":"instock","13":"featured","14":"taxable","15":"shipping-taxable","16":"purchasable","17":"product-type-simple"},"_links":{"self":[{"href":"https:\/\/artaora.com\/fr\/wp-json\/wp\/v2\/product\/556","targetHints":{"allow":["GET"]}}],"collection":[{"href":"https:\/\/artaora.com\/fr\/wp-json\/wp\/v2\/product"}],"about":[{"href":"https:\/\/artaora.com\/fr\/wp-json\/wp\/v2\/types\/product"}],"replies":[{"embeddable":true,"href":"https:\/\/artaora.com\/fr\/wp-json\/wp\/v2\/comments?post=556"}],"wp:featuredmedia":[{"embeddable":true,"href":"https:\/\/artaora.com\/fr\/wp-json\/wp\/v2\/media\/553"}],"wp:attachment":[{"href":"https:\/\/artaora.com\/fr\/wp-json\/wp\/v2\/media?parent=556"}],"wp:term":[{"taxonomy":"product_brand","embeddable":true,"href":"https:\/\/artaora.com\/fr\/wp-json\/wp\/v2\/product_brand?post=556"},{"taxonomy":"product_cat","embeddable":true,"href":"https:\/\/artaora.com\/fr\/wp-json\/wp\/v2\/product_cat?post=556"},{"taxonomy":"product_tag","embeddable":true,"href":"https:\/\/artaora.com\/fr\/wp-json\/wp\/v2\/product_tag?post=556"}],"curies":[{"name":"wp","href":"https:\/\/api.w.org\/{rel}","templated":true}]}}