{"id":560,"date":"2026-03-01T12:20:28","date_gmt":"2026-03-01T12:20:28","guid":{"rendered":"https:\/\/artaora.com\/product\/boucles-doreilles-rouges-arbre-de-vie-style-steampunk\/"},"modified":"2026-03-01T13:52:50","modified_gmt":"2026-03-01T13:52:50","slug":"boucles-doreilles-rouges-arbre-de-vie-style-steampunk","status":"publish","type":"product","link":"https:\/\/artaora.com\/fr\/produit\/boucles-doreilles-rouges-arbre-de-vie-style-steampunk\/","title":{"rendered":"Boucles d\u2019oreilles rouges Arbre de Vie style steampunk"},"content":{"rendered":"<p>La silhouette de l\u2019Arbre de vie s\u2019impose au-dessus de composants horlogers superpos\u00e9s sur une base peinte en rouge, cr\u00e9ant un point focal symbolique au format 12mm. L\u2019acier inoxydable et la r\u00e9sine prot\u00e8gent \u00e0 la fois la texture m\u00e9canique et le motif organique, formant des boucles steampunk \u00e0 inspiration naturelle.<\/p>\n","protected":false},"excerpt":{"rendered":"<p>La silhouette de l\u2019Arbre de vie s\u2019impose au-dessus de composants horlogers superpos\u00e9s sur une base peinte en rouge, cr\u00e9ant un point focal symbolique au format 12mm. L\u2019acier inoxydable et la r\u00e9sine prot\u00e8gent \u00e0 la fois la texture m\u00e9canique et le motif organique, formant des boucles steampunk \u00e0 inspiration naturelle.<\/p>\n","protected":false},"featured_media":557,"comment_status":"open","ping_status":"closed","template":"","meta":[],"product_brand":[],"product_cat":[256],"product_tag":[],"class_list":{"0":"post-560","1":"product","2":"type-product","3":"status-publish","4":"has-post-thumbnail","6":"product_cat-boucles-doreilles","7":"pa_charm-arbre-de-vie","8":"pa_charm-nature","9":"pa_color-rouge","10":"pa_size-12mm","12":"first","13":"instock","14":"featured","15":"taxable","16":"shipping-taxable","17":"purchasable","18":"product-type-simple"},"_links":{"self":[{"href":"https:\/\/artaora.com\/fr\/wp-json\/wp\/v2\/product\/560","targetHints":{"allow":["GET"]}}],"collection":[{"href":"https:\/\/artaora.com\/fr\/wp-json\/wp\/v2\/product"}],"about":[{"href":"https:\/\/artaora.com\/fr\/wp-json\/wp\/v2\/types\/product"}],"replies":[{"embeddable":true,"href":"https:\/\/artaora.com\/fr\/wp-json\/wp\/v2\/comments?post=560"}],"wp:featuredmedia":[{"embeddable":true,"href":"https:\/\/artaora.com\/fr\/wp-json\/wp\/v2\/media\/557"}],"wp:attachment":[{"href":"https:\/\/artaora.com\/fr\/wp-json\/wp\/v2\/media?parent=560"}],"wp:term":[{"taxonomy":"product_brand","embeddable":true,"href":"https:\/\/artaora.com\/fr\/wp-json\/wp\/v2\/product_brand?post=560"},{"taxonomy":"product_cat","embeddable":true,"href":"https:\/\/artaora.com\/fr\/wp-json\/wp\/v2\/product_cat?post=560"},{"taxonomy":"product_tag","embeddable":true,"href":"https:\/\/artaora.com\/fr\/wp-json\/wp\/v2\/product_tag?post=560"}],"curies":[{"name":"wp","href":"https:\/\/api.w.org\/{rel}","templated":true}]}}