{"id":564,"date":"2026-03-01T12:20:30","date_gmt":"2026-03-01T12:20:30","guid":{"rendered":"https:\/\/artaora.com\/product\/boucles-doreilles-noires-arbre-de-vie-industriel\/"},"modified":"2026-03-01T13:52:50","modified_gmt":"2026-03-01T13:52:50","slug":"boucles-doreilles-noires-arbre-de-vie-industriel","status":"publish","type":"product","link":"https:\/\/artaora.com\/fr\/produit\/boucles-doreilles-noires-arbre-de-vie-industriel\/","title":{"rendered":"Boucles d\u2019oreilles noires Arbre de Vie industriel"},"content":{"rendered":"<p>Le contraste structure cette cr\u00e9ation : la figure de l\u2019Arbre de vie se d\u00e9tache nettement sur une base peinte en noir enrichie d\u2019engrenages recycl\u00e9s. Le support en acier inoxydable de 12mm assure une pr\u00e9cision formelle, donnant naissance \u00e0 des boucles industrielles m\u00ealant symbole naturel et m\u00e9canique.<\/p>\n","protected":false},"excerpt":{"rendered":"<p>Le contraste structure cette cr\u00e9ation : la figure de l\u2019Arbre de vie se d\u00e9tache nettement sur une base peinte en noir enrichie d\u2019engrenages recycl\u00e9s. Le support en acier inoxydable de 12mm assure une pr\u00e9cision formelle, donnant naissance \u00e0 des boucles industrielles m\u00ealant symbole naturel et m\u00e9canique.<\/p>\n","protected":false},"featured_media":561,"comment_status":"open","ping_status":"closed","template":"","meta":[],"product_brand":[],"product_cat":[256],"product_tag":[],"class_list":{"0":"post-564","1":"product","2":"type-product","3":"status-publish","4":"has-post-thumbnail","6":"product_cat-boucles-doreilles","7":"pa_charm-arbre-de-vie","8":"pa_charm-nature","9":"pa_color-noir","10":"pa_size-12mm","12":"first","13":"instock","14":"taxable","15":"shipping-taxable","16":"purchasable","17":"product-type-simple"},"_links":{"self":[{"href":"https:\/\/artaora.com\/fr\/wp-json\/wp\/v2\/product\/564","targetHints":{"allow":["GET"]}}],"collection":[{"href":"https:\/\/artaora.com\/fr\/wp-json\/wp\/v2\/product"}],"about":[{"href":"https:\/\/artaora.com\/fr\/wp-json\/wp\/v2\/types\/product"}],"replies":[{"embeddable":true,"href":"https:\/\/artaora.com\/fr\/wp-json\/wp\/v2\/comments?post=564"}],"wp:featuredmedia":[{"embeddable":true,"href":"https:\/\/artaora.com\/fr\/wp-json\/wp\/v2\/media\/561"}],"wp:attachment":[{"href":"https:\/\/artaora.com\/fr\/wp-json\/wp\/v2\/media?parent=564"}],"wp:term":[{"taxonomy":"product_brand","embeddable":true,"href":"https:\/\/artaora.com\/fr\/wp-json\/wp\/v2\/product_brand?post=564"},{"taxonomy":"product_cat","embeddable":true,"href":"https:\/\/artaora.com\/fr\/wp-json\/wp\/v2\/product_cat?post=564"},{"taxonomy":"product_tag","embeddable":true,"href":"https:\/\/artaora.com\/fr\/wp-json\/wp\/v2\/product_tag?post=564"}],"curies":[{"name":"wp","href":"https:\/\/api.w.org\/{rel}","templated":true}]}}