{"id":568,"date":"2026-03-01T12:20:31","date_gmt":"2026-03-01T12:20:31","guid":{"rendered":"https:\/\/artaora.com\/product\/boucles-doreilles-vertes-arbre-de-vie-mecanique\/"},"modified":"2026-03-01T13:52:51","modified_gmt":"2026-03-01T13:52:51","slug":"boucles-doreilles-vertes-arbre-de-vie-mecanique","status":"publish","type":"product","link":"https:\/\/artaora.com\/fr\/produit\/boucles-doreilles-vertes-arbre-de-vie-mecanique\/","title":{"rendered":"Boucles d\u2019oreilles vertes Arbre de Vie m\u00e9canique"},"content":{"rendered":"<p>Une base peinte en vert apporte une tonalit\u00e9 naturelle sous la silhouette de l\u2019Arbre de vie et les engrenages superpos\u00e9s. Dans le cadre en acier inoxydable de 12mm, la r\u00e9sine fixe \u00e0 la fois le symbole et les \u00e9l\u00e9ments m\u00e9caniques, formant un bijou industriel artisanal \u00e0 la crois\u00e9e du naturel et du steampunk.<\/p>\n","protected":false},"excerpt":{"rendered":"<p>Une base peinte en vert apporte une tonalit\u00e9 naturelle sous la silhouette de l\u2019Arbre de vie et les engrenages superpos\u00e9s. Dans le cadre en acier inoxydable de 12mm, la r\u00e9sine fixe \u00e0 la fois le symbole et les \u00e9l\u00e9ments m\u00e9caniques, formant un bijou industriel artisanal \u00e0 la crois\u00e9e du naturel et du steampunk.<\/p>\n","protected":false},"featured_media":565,"comment_status":"open","ping_status":"closed","template":"","meta":[],"product_brand":[],"product_cat":[256],"product_tag":[],"class_list":{"0":"post-568","1":"product","2":"type-product","3":"status-publish","4":"has-post-thumbnail","6":"product_cat-boucles-doreilles","7":"pa_charm-arbre-de-vie","8":"pa_charm-nature","9":"pa_color-vert","10":"pa_size-12mm","12":"first","13":"instock","14":"taxable","15":"shipping-taxable","16":"purchasable","17":"product-type-simple"},"_links":{"self":[{"href":"https:\/\/artaora.com\/fr\/wp-json\/wp\/v2\/product\/568","targetHints":{"allow":["GET"]}}],"collection":[{"href":"https:\/\/artaora.com\/fr\/wp-json\/wp\/v2\/product"}],"about":[{"href":"https:\/\/artaora.com\/fr\/wp-json\/wp\/v2\/types\/product"}],"replies":[{"embeddable":true,"href":"https:\/\/artaora.com\/fr\/wp-json\/wp\/v2\/comments?post=568"}],"wp:featuredmedia":[{"embeddable":true,"href":"https:\/\/artaora.com\/fr\/wp-json\/wp\/v2\/media\/565"}],"wp:attachment":[{"href":"https:\/\/artaora.com\/fr\/wp-json\/wp\/v2\/media?parent=568"}],"wp:term":[{"taxonomy":"product_brand","embeddable":true,"href":"https:\/\/artaora.com\/fr\/wp-json\/wp\/v2\/product_brand?post=568"},{"taxonomy":"product_cat","embeddable":true,"href":"https:\/\/artaora.com\/fr\/wp-json\/wp\/v2\/product_cat?post=568"},{"taxonomy":"product_tag","embeddable":true,"href":"https:\/\/artaora.com\/fr\/wp-json\/wp\/v2\/product_tag?post=568"}],"curies":[{"name":"wp","href":"https:\/\/api.w.org\/{rel}","templated":true}]}}