{"id":572,"date":"2026-03-01T12:20:33","date_gmt":"2026-03-01T12:20:33","guid":{"rendered":"https:\/\/artaora.com\/product\/boucles-doreilles-industrielles-violettes-avec-pieces-horlogeres\/"},"modified":"2026-03-01T13:52:51","modified_gmt":"2026-03-01T13:52:51","slug":"boucles-doreilles-industrielles-violettes-avec-pieces-horlogeres","status":"publish","type":"product","link":"https:\/\/artaora.com\/fr\/produit\/boucles-doreilles-industrielles-violettes-avec-pieces-horlogeres\/","title":{"rendered":"Boucles d\u2019oreilles industrielles violettes avec pi\u00e8ces horlog\u00e8res"},"content":{"rendered":"<p>Une base peinte en violet profond d\u00e9finit ces clous compacts, associant des engrenages de montre recycl\u00e9s et une finition en r\u00e9sine.<\/p>\n","protected":false},"excerpt":{"rendered":"<p>Une base peinte en violet profond d\u00e9finit ces clous compacts, associant des engrenages de montre recycl\u00e9s et une finition en r\u00e9sine.<\/p>\n","protected":false},"featured_media":569,"comment_status":"open","ping_status":"closed","template":"","meta":[],"product_brand":[],"product_cat":[256],"product_tag":[],"class_list":{"0":"post-572","1":"product","2":"type-product","3":"status-publish","4":"has-post-thumbnail","6":"product_cat-boucles-doreilles","7":"pa_charm-pieces-de-montre-uniquement","8":"pa_color-violet","9":"pa_size-10mm","11":"first","12":"instock","13":"taxable","14":"shipping-taxable","15":"purchasable","16":"product-type-simple"},"_links":{"self":[{"href":"https:\/\/artaora.com\/fr\/wp-json\/wp\/v2\/product\/572","targetHints":{"allow":["GET"]}}],"collection":[{"href":"https:\/\/artaora.com\/fr\/wp-json\/wp\/v2\/product"}],"about":[{"href":"https:\/\/artaora.com\/fr\/wp-json\/wp\/v2\/types\/product"}],"replies":[{"embeddable":true,"href":"https:\/\/artaora.com\/fr\/wp-json\/wp\/v2\/comments?post=572"}],"wp:featuredmedia":[{"embeddable":true,"href":"https:\/\/artaora.com\/fr\/wp-json\/wp\/v2\/media\/569"}],"wp:attachment":[{"href":"https:\/\/artaora.com\/fr\/wp-json\/wp\/v2\/media?parent=572"}],"wp:term":[{"taxonomy":"product_brand","embeddable":true,"href":"https:\/\/artaora.com\/fr\/wp-json\/wp\/v2\/product_brand?post=572"},{"taxonomy":"product_cat","embeddable":true,"href":"https:\/\/artaora.com\/fr\/wp-json\/wp\/v2\/product_cat?post=572"},{"taxonomy":"product_tag","embeddable":true,"href":"https:\/\/artaora.com\/fr\/wp-json\/wp\/v2\/product_tag?post=572"}],"curies":[{"name":"wp","href":"https:\/\/api.w.org\/{rel}","templated":true}]}}