{"id":592,"date":"2026-03-01T12:20:40","date_gmt":"2026-03-01T12:20:40","guid":{"rendered":"https:\/\/artaora.com\/product\/boucles-doreilles-industrielles-bleu-profond-a-roue-dentee\/"},"modified":"2026-03-01T13:52:54","modified_gmt":"2026-03-01T13:52:54","slug":"boucles-doreilles-industrielles-bleu-profond-a-roue-dentee","status":"publish","type":"product","link":"https:\/\/artaora.com\/fr\/produit\/boucles-doreilles-industrielles-bleu-profond-a-roue-dentee\/","title":{"rendered":"Boucles d\u2019oreilles industrielles bleu profond \u00e0 roue dent\u00e9e"},"content":{"rendered":"<p>Sur une surface peinte en bleu fonc\u00e9, une roue en laiton impose une structure radiale lisible sans surcharge d\u00e9corative.<\/p>\n","protected":false},"excerpt":{"rendered":"<p>Sur une surface peinte en bleu fonc\u00e9, une roue en laiton impose une structure radiale lisible sans surcharge d\u00e9corative.<\/p>\n","protected":false},"featured_media":589,"comment_status":"open","ping_status":"closed","template":"","meta":[],"product_brand":[],"product_cat":[256],"product_tag":[],"class_list":{"0":"post-592","1":"product","2":"type-product","3":"status-publish","4":"has-post-thumbnail","6":"product_cat-boucles-doreilles","7":"pa_charm-pieces-de-montre-uniquement","8":"pa_color-bleu","9":"pa_size-10mm","11":"first","12":"instock","13":"taxable","14":"shipping-taxable","15":"purchasable","16":"product-type-simple"},"_links":{"self":[{"href":"https:\/\/artaora.com\/fr\/wp-json\/wp\/v2\/product\/592","targetHints":{"allow":["GET"]}}],"collection":[{"href":"https:\/\/artaora.com\/fr\/wp-json\/wp\/v2\/product"}],"about":[{"href":"https:\/\/artaora.com\/fr\/wp-json\/wp\/v2\/types\/product"}],"replies":[{"embeddable":true,"href":"https:\/\/artaora.com\/fr\/wp-json\/wp\/v2\/comments?post=592"}],"wp:featuredmedia":[{"embeddable":true,"href":"https:\/\/artaora.com\/fr\/wp-json\/wp\/v2\/media\/589"}],"wp:attachment":[{"href":"https:\/\/artaora.com\/fr\/wp-json\/wp\/v2\/media?parent=592"}],"wp:term":[{"taxonomy":"product_brand","embeddable":true,"href":"https:\/\/artaora.com\/fr\/wp-json\/wp\/v2\/product_brand?post=592"},{"taxonomy":"product_cat","embeddable":true,"href":"https:\/\/artaora.com\/fr\/wp-json\/wp\/v2\/product_cat?post=592"},{"taxonomy":"product_tag","embeddable":true,"href":"https:\/\/artaora.com\/fr\/wp-json\/wp\/v2\/product_tag?post=592"}],"curies":[{"name":"wp","href":"https:\/\/api.w.org\/{rel}","templated":true}]}}