{"id":600,"date":"2026-03-01T12:20:43","date_gmt":"2026-03-01T12:20:43","guid":{"rendered":"https:\/\/artaora.com\/product\/boucles-doreilles-industrielles-fuchsia-a-roue-mecanique\/"},"modified":"2026-03-01T13:52:55","modified_gmt":"2026-03-01T13:52:55","slug":"boucles-doreilles-industrielles-fuchsia-a-roue-mecanique","status":"publish","type":"product","link":"https:\/\/artaora.com\/fr\/produit\/boucles-doreilles-industrielles-fuchsia-a-roue-mecanique\/","title":{"rendered":"Boucles d\u2019oreilles industrielles fuchsia \u00e0 roue m\u00e9canique"},"content":{"rendered":"<p>Une base rose satur\u00e9 transforme le th\u00e8me m\u00e9canique en contraste graphique, avec une roue centrale comme point focal.<\/p>\n","protected":false},"excerpt":{"rendered":"<p>Une base rose satur\u00e9 transforme le th\u00e8me m\u00e9canique en contraste graphique, avec une roue centrale comme point focal.<\/p>\n","protected":false},"featured_media":597,"comment_status":"open","ping_status":"closed","template":"","meta":[],"product_brand":[],"product_cat":[256],"product_tag":[],"class_list":{"0":"post-600","1":"product","2":"type-product","3":"status-publish","4":"has-post-thumbnail","6":"product_cat-boucles-doreilles","7":"pa_charm-pieces-de-montre-uniquement","8":"pa_color-rose","9":"pa_size-10mm","11":"first","12":"instock","13":"taxable","14":"shipping-taxable","15":"purchasable","16":"product-type-simple"},"_links":{"self":[{"href":"https:\/\/artaora.com\/fr\/wp-json\/wp\/v2\/product\/600","targetHints":{"allow":["GET"]}}],"collection":[{"href":"https:\/\/artaora.com\/fr\/wp-json\/wp\/v2\/product"}],"about":[{"href":"https:\/\/artaora.com\/fr\/wp-json\/wp\/v2\/types\/product"}],"replies":[{"embeddable":true,"href":"https:\/\/artaora.com\/fr\/wp-json\/wp\/v2\/comments?post=600"}],"wp:featuredmedia":[{"embeddable":true,"href":"https:\/\/artaora.com\/fr\/wp-json\/wp\/v2\/media\/597"}],"wp:attachment":[{"href":"https:\/\/artaora.com\/fr\/wp-json\/wp\/v2\/media?parent=600"}],"wp:term":[{"taxonomy":"product_brand","embeddable":true,"href":"https:\/\/artaora.com\/fr\/wp-json\/wp\/v2\/product_brand?post=600"},{"taxonomy":"product_cat","embeddable":true,"href":"https:\/\/artaora.com\/fr\/wp-json\/wp\/v2\/product_cat?post=600"},{"taxonomy":"product_tag","embeddable":true,"href":"https:\/\/artaora.com\/fr\/wp-json\/wp\/v2\/product_tag?post=600"}],"curies":[{"name":"wp","href":"https:\/\/api.w.org\/{rel}","templated":true}]}}