{"id":612,"date":"2026-03-01T12:20:47","date_gmt":"2026-03-01T12:20:47","guid":{"rendered":"https:\/\/artaora.com\/product\/boucles-doreilles-industrielles-bleu-ocean-a-engrenage-annulaire\/"},"modified":"2026-03-01T13:52:56","modified_gmt":"2026-03-01T13:52:56","slug":"boucles-doreilles-industrielles-bleu-ocean-a-engrenage-annulaire","status":"publish","type":"product","link":"https:\/\/artaora.com\/fr\/produit\/boucles-doreilles-industrielles-bleu-ocean-a-engrenage-annulaire\/","title":{"rendered":"Boucles d\u2019oreilles industrielles bleu oc\u00e9an \u00e0 engrenage annulaire"},"content":{"rendered":"<p>Une base bleue att\u00e9nu\u00e9e est encercl\u00e9e d\u2019une couronne dent\u00e9e sombre, avec un centre en laiton qui organise une hi\u00e9rarchie contenue.<\/p>\n","protected":false},"excerpt":{"rendered":"<p>Une base bleue att\u00e9nu\u00e9e est encercl\u00e9e d\u2019une couronne dent\u00e9e sombre, avec un centre en laiton qui organise une hi\u00e9rarchie contenue.<\/p>\n","protected":false},"featured_media":609,"comment_status":"open","ping_status":"closed","template":"","meta":[],"product_brand":[],"product_cat":[256],"product_tag":[],"class_list":{"0":"post-612","1":"product","2":"type-product","3":"status-publish","4":"has-post-thumbnail","6":"product_cat-boucles-doreilles","7":"pa_charm-pieces-de-montre-uniquement","8":"pa_color-bleu","9":"pa_size-10mm","11":"first","12":"instock","13":"taxable","14":"shipping-taxable","15":"purchasable","16":"product-type-simple"},"_links":{"self":[{"href":"https:\/\/artaora.com\/fr\/wp-json\/wp\/v2\/product\/612","targetHints":{"allow":["GET"]}}],"collection":[{"href":"https:\/\/artaora.com\/fr\/wp-json\/wp\/v2\/product"}],"about":[{"href":"https:\/\/artaora.com\/fr\/wp-json\/wp\/v2\/types\/product"}],"replies":[{"embeddable":true,"href":"https:\/\/artaora.com\/fr\/wp-json\/wp\/v2\/comments?post=612"}],"wp:featuredmedia":[{"embeddable":true,"href":"https:\/\/artaora.com\/fr\/wp-json\/wp\/v2\/media\/609"}],"wp:attachment":[{"href":"https:\/\/artaora.com\/fr\/wp-json\/wp\/v2\/media?parent=612"}],"wp:term":[{"taxonomy":"product_brand","embeddable":true,"href":"https:\/\/artaora.com\/fr\/wp-json\/wp\/v2\/product_brand?post=612"},{"taxonomy":"product_cat","embeddable":true,"href":"https:\/\/artaora.com\/fr\/wp-json\/wp\/v2\/product_cat?post=612"},{"taxonomy":"product_tag","embeddable":true,"href":"https:\/\/artaora.com\/fr\/wp-json\/wp\/v2\/product_tag?post=612"}],"curies":[{"name":"wp","href":"https:\/\/api.w.org\/{rel}","templated":true}]}}