{"id":616,"date":"2026-03-01T12:20:48","date_gmt":"2026-03-01T12:20:48","guid":{"rendered":"https:\/\/artaora.com\/product\/boucles-doreilles-noires-a-engrenages-superposes\/"},"modified":"2026-03-01T13:52:57","modified_gmt":"2026-03-01T13:52:57","slug":"boucles-doreilles-noires-a-engrenages-superposes","status":"publish","type":"product","link":"https:\/\/artaora.com\/fr\/produit\/boucles-doreilles-noires-a-engrenages-superposes\/","title":{"rendered":"Boucles d\u2019oreilles noires \u00e0 engrenages superpos\u00e9s"},"content":{"rendered":"<p>Plusieurs \u00e9l\u00e9ments horlogers se superposent sur une base noire, cr\u00e9ant la profondeur par densit\u00e9 plut\u00f4t que par un seul point focal.<\/p>\n","protected":false},"excerpt":{"rendered":"<p>Plusieurs \u00e9l\u00e9ments horlogers se superposent sur une base noire, cr\u00e9ant la profondeur par densit\u00e9 plut\u00f4t que par un seul point focal.<\/p>\n","protected":false},"featured_media":1126,"comment_status":"open","ping_status":"closed","template":"","meta":[],"product_brand":[],"product_cat":[256],"product_tag":[],"class_list":{"0":"post-616","1":"product","2":"type-product","3":"status-publish","4":"has-post-thumbnail","6":"product_cat-boucles-doreilles","7":"pa_charm-pieces-de-montre-uniquement","8":"pa_color-blanc","9":"pa_size-10mm","11":"first","12":"instock","13":"taxable","14":"shipping-taxable","15":"purchasable","16":"product-type-simple"},"_links":{"self":[{"href":"https:\/\/artaora.com\/fr\/wp-json\/wp\/v2\/product\/616","targetHints":{"allow":["GET"]}}],"collection":[{"href":"https:\/\/artaora.com\/fr\/wp-json\/wp\/v2\/product"}],"about":[{"href":"https:\/\/artaora.com\/fr\/wp-json\/wp\/v2\/types\/product"}],"replies":[{"embeddable":true,"href":"https:\/\/artaora.com\/fr\/wp-json\/wp\/v2\/comments?post=616"}],"wp:featuredmedia":[{"embeddable":true,"href":"https:\/\/artaora.com\/fr\/wp-json\/wp\/v2\/media\/1126"}],"wp:attachment":[{"href":"https:\/\/artaora.com\/fr\/wp-json\/wp\/v2\/media?parent=616"}],"wp:term":[{"taxonomy":"product_brand","embeddable":true,"href":"https:\/\/artaora.com\/fr\/wp-json\/wp\/v2\/product_brand?post=616"},{"taxonomy":"product_cat","embeddable":true,"href":"https:\/\/artaora.com\/fr\/wp-json\/wp\/v2\/product_cat?post=616"},{"taxonomy":"product_tag","embeddable":true,"href":"https:\/\/artaora.com\/fr\/wp-json\/wp\/v2\/product_tag?post=616"}],"curies":[{"name":"wp","href":"https:\/\/api.w.org\/{rel}","templated":true}]}}