{"id":620,"date":"2026-03-01T12:20:50","date_gmt":"2026-03-01T12:20:50","guid":{"rendered":"https:\/\/artaora.com\/product\/boucles-doreilles-orange-intense-a-engrenage-radial\/"},"modified":"2026-03-01T13:52:57","modified_gmt":"2026-03-01T13:52:57","slug":"boucles-doreilles-orange-intense-a-engrenage-radial","status":"publish","type":"product","link":"https:\/\/artaora.com\/fr\/produit\/boucles-doreilles-orange-intense-a-engrenage-radial\/","title":{"rendered":"Boucles d\u2019oreilles orange intense \u00e0 engrenage radial"},"content":{"rendered":"<p>L\u2019orange vif renforce l\u2019ossature circulaire en laiton, cr\u00e9ant un profil \u00e9nergique fond\u00e9 sur l\u2019axe radial.<\/p>\n","protected":false},"excerpt":{"rendered":"<p>L\u2019orange vif renforce l\u2019ossature circulaire en laiton, cr\u00e9ant un profil \u00e9nergique fond\u00e9 sur l\u2019axe radial.<\/p>\n","protected":false},"featured_media":617,"comment_status":"open","ping_status":"closed","template":"","meta":[],"product_brand":[],"product_cat":[256],"product_tag":[],"class_list":{"0":"post-620","1":"product","2":"type-product","3":"status-publish","4":"has-post-thumbnail","6":"product_cat-boucles-doreilles","7":"pa_charm-pieces-de-montre-uniquement","8":"pa_color-bleu","9":"pa_size-10mm","11":"first","12":"instock","13":"taxable","14":"shipping-taxable","15":"purchasable","16":"product-type-simple"},"_links":{"self":[{"href":"https:\/\/artaora.com\/fr\/wp-json\/wp\/v2\/product\/620","targetHints":{"allow":["GET"]}}],"collection":[{"href":"https:\/\/artaora.com\/fr\/wp-json\/wp\/v2\/product"}],"about":[{"href":"https:\/\/artaora.com\/fr\/wp-json\/wp\/v2\/types\/product"}],"replies":[{"embeddable":true,"href":"https:\/\/artaora.com\/fr\/wp-json\/wp\/v2\/comments?post=620"}],"wp:featuredmedia":[{"embeddable":true,"href":"https:\/\/artaora.com\/fr\/wp-json\/wp\/v2\/media\/617"}],"wp:attachment":[{"href":"https:\/\/artaora.com\/fr\/wp-json\/wp\/v2\/media?parent=620"}],"wp:term":[{"taxonomy":"product_brand","embeddable":true,"href":"https:\/\/artaora.com\/fr\/wp-json\/wp\/v2\/product_brand?post=620"},{"taxonomy":"product_cat","embeddable":true,"href":"https:\/\/artaora.com\/fr\/wp-json\/wp\/v2\/product_cat?post=620"},{"taxonomy":"product_tag","embeddable":true,"href":"https:\/\/artaora.com\/fr\/wp-json\/wp\/v2\/product_tag?post=620"}],"curies":[{"name":"wp","href":"https:\/\/api.w.org\/{rel}","templated":true}]}}