{"id":624,"date":"2026-03-01T12:20:51","date_gmt":"2026-03-01T12:20:51","guid":{"rendered":"https:\/\/artaora.com\/product\/boucles-doreilles-industrielles-vert-emeraude-a-structure-radiale\/"},"modified":"2026-03-01T13:52:58","modified_gmt":"2026-03-01T13:52:58","slug":"boucles-doreilles-industrielles-vert-emeraude-a-structure-radiale","status":"publish","type":"product","link":"https:\/\/artaora.com\/fr\/produit\/boucles-doreilles-industrielles-vert-emeraude-a-structure-radiale\/","title":{"rendered":"Boucles d\u2019oreilles industrielles vert \u00e9meraude \u00e0 structure radiale"},"content":{"rendered":"<p>La g\u00e9om\u00e9trie domine : une base verte soutient une roue en laiton centr\u00e9e et une denture fine pour un \u00e9quilibre net.<\/p>\n","protected":false},"excerpt":{"rendered":"<p>La g\u00e9om\u00e9trie domine : une base verte soutient une roue en laiton centr\u00e9e et une denture fine pour un \u00e9quilibre net.<\/p>\n","protected":false},"featured_media":621,"comment_status":"open","ping_status":"closed","template":"","meta":[],"product_brand":[],"product_cat":[256],"product_tag":[],"class_list":{"0":"post-624","1":"product","2":"type-product","3":"status-publish","4":"has-post-thumbnail","6":"product_cat-boucles-doreilles","7":"pa_charm-pieces-de-montre-uniquement","8":"pa_color-vert","9":"pa_size-10mm","11":"first","12":"instock","13":"taxable","14":"shipping-taxable","15":"purchasable","16":"product-type-simple"},"_links":{"self":[{"href":"https:\/\/artaora.com\/fr\/wp-json\/wp\/v2\/product\/624","targetHints":{"allow":["GET"]}}],"collection":[{"href":"https:\/\/artaora.com\/fr\/wp-json\/wp\/v2\/product"}],"about":[{"href":"https:\/\/artaora.com\/fr\/wp-json\/wp\/v2\/types\/product"}],"replies":[{"embeddable":true,"href":"https:\/\/artaora.com\/fr\/wp-json\/wp\/v2\/comments?post=624"}],"wp:featuredmedia":[{"embeddable":true,"href":"https:\/\/artaora.com\/fr\/wp-json\/wp\/v2\/media\/621"}],"wp:attachment":[{"href":"https:\/\/artaora.com\/fr\/wp-json\/wp\/v2\/media?parent=624"}],"wp:term":[{"taxonomy":"product_brand","embeddable":true,"href":"https:\/\/artaora.com\/fr\/wp-json\/wp\/v2\/product_brand?post=624"},{"taxonomy":"product_cat","embeddable":true,"href":"https:\/\/artaora.com\/fr\/wp-json\/wp\/v2\/product_cat?post=624"},{"taxonomy":"product_tag","embeddable":true,"href":"https:\/\/artaora.com\/fr\/wp-json\/wp\/v2\/product_tag?post=624"}],"curies":[{"name":"wp","href":"https:\/\/api.w.org\/{rel}","templated":true}]}}