{"id":628,"date":"2026-03-01T12:20:53","date_gmt":"2026-03-01T12:20:53","guid":{"rendered":"https:\/\/artaora.com\/product\/boucles-doreilles-vert-foret-a-engrenage-encadre\/"},"modified":"2026-03-01T13:52:58","modified_gmt":"2026-03-01T13:52:58","slug":"boucles-doreilles-vert-foret-a-engrenage-encadre","status":"publish","type":"product","link":"https:\/\/artaora.com\/fr\/produit\/boucles-doreilles-vert-foret-a-engrenage-encadre\/","title":{"rendered":"Boucles d\u2019oreilles vert for\u00eat \u00e0 engrenage encadr\u00e9"},"content":{"rendered":"<p>La base verte s\u2019assombrit vers les bords, cr\u00e9ant un effet de cadre qui contient la roue centrale en laiton.<\/p>\n","protected":false},"excerpt":{"rendered":"<p>La base verte s\u2019assombrit vers les bords, cr\u00e9ant un effet de cadre qui contient la roue centrale en laiton.<\/p>\n","protected":false},"featured_media":625,"comment_status":"open","ping_status":"closed","template":"","meta":[],"product_brand":[],"product_cat":[256],"product_tag":[],"class_list":{"0":"post-628","1":"product","2":"type-product","3":"status-publish","4":"has-post-thumbnail","6":"product_cat-boucles-doreilles","7":"pa_charm-pieces-de-montre-uniquement","8":"pa_color-vert","9":"pa_size-10mm","11":"first","12":"instock","13":"taxable","14":"shipping-taxable","15":"purchasable","16":"product-type-simple"},"_links":{"self":[{"href":"https:\/\/artaora.com\/fr\/wp-json\/wp\/v2\/product\/628","targetHints":{"allow":["GET"]}}],"collection":[{"href":"https:\/\/artaora.com\/fr\/wp-json\/wp\/v2\/product"}],"about":[{"href":"https:\/\/artaora.com\/fr\/wp-json\/wp\/v2\/types\/product"}],"replies":[{"embeddable":true,"href":"https:\/\/artaora.com\/fr\/wp-json\/wp\/v2\/comments?post=628"}],"wp:featuredmedia":[{"embeddable":true,"href":"https:\/\/artaora.com\/fr\/wp-json\/wp\/v2\/media\/625"}],"wp:attachment":[{"href":"https:\/\/artaora.com\/fr\/wp-json\/wp\/v2\/media?parent=628"}],"wp:term":[{"taxonomy":"product_brand","embeddable":true,"href":"https:\/\/artaora.com\/fr\/wp-json\/wp\/v2\/product_brand?post=628"},{"taxonomy":"product_cat","embeddable":true,"href":"https:\/\/artaora.com\/fr\/wp-json\/wp\/v2\/product_cat?post=628"},{"taxonomy":"product_tag","embeddable":true,"href":"https:\/\/artaora.com\/fr\/wp-json\/wp\/v2\/product_tag?post=628"}],"curies":[{"name":"wp","href":"https:\/\/api.w.org\/{rel}","templated":true}]}}