{"id":632,"date":"2026-03-01T12:20:54","date_gmt":"2026-03-01T12:20:54","guid":{"rendered":"https:\/\/artaora.com\/product\/boucles-doreilles-rouges-mecaniques-a-engrenages-superposes\/"},"modified":"2026-03-01T13:52:59","modified_gmt":"2026-03-01T13:52:59","slug":"boucles-doreilles-rouges-mecaniques-a-engrenages-superposes","status":"publish","type":"product","link":"https:\/\/artaora.com\/fr\/produit\/boucles-doreilles-rouges-mecaniques-a-engrenages-superposes\/","title":{"rendered":"Boucles d\u2019oreilles rouges m\u00e9caniques \u00e0 engrenages superpos\u00e9s"},"content":{"rendered":"<p>Le rouge accueille des engrenages en plusieurs niveaux, associant de grands disques argent\u00e9s \u00e0 de petits \u00e9l\u00e9ments en laiton.<\/p>\n","protected":false},"excerpt":{"rendered":"<p>Le rouge accueille des engrenages en plusieurs niveaux, associant de grands disques argent\u00e9s \u00e0 de petits \u00e9l\u00e9ments en laiton.<\/p>\n","protected":false},"featured_media":629,"comment_status":"open","ping_status":"closed","template":"","meta":[],"product_brand":[],"product_cat":[256],"product_tag":[],"class_list":{"0":"post-632","1":"product","2":"type-product","3":"status-publish","4":"has-post-thumbnail","6":"product_cat-boucles-doreilles","7":"pa_charm-pieces-de-montre-uniquement","8":"pa_color-rouge","9":"pa_size-10mm","11":"first","12":"instock","13":"taxable","14":"shipping-taxable","15":"purchasable","16":"product-type-simple"},"_links":{"self":[{"href":"https:\/\/artaora.com\/fr\/wp-json\/wp\/v2\/product\/632","targetHints":{"allow":["GET"]}}],"collection":[{"href":"https:\/\/artaora.com\/fr\/wp-json\/wp\/v2\/product"}],"about":[{"href":"https:\/\/artaora.com\/fr\/wp-json\/wp\/v2\/types\/product"}],"replies":[{"embeddable":true,"href":"https:\/\/artaora.com\/fr\/wp-json\/wp\/v2\/comments?post=632"}],"wp:featuredmedia":[{"embeddable":true,"href":"https:\/\/artaora.com\/fr\/wp-json\/wp\/v2\/media\/629"}],"wp:attachment":[{"href":"https:\/\/artaora.com\/fr\/wp-json\/wp\/v2\/media?parent=632"}],"wp:term":[{"taxonomy":"product_brand","embeddable":true,"href":"https:\/\/artaora.com\/fr\/wp-json\/wp\/v2\/product_brand?post=632"},{"taxonomy":"product_cat","embeddable":true,"href":"https:\/\/artaora.com\/fr\/wp-json\/wp\/v2\/product_cat?post=632"},{"taxonomy":"product_tag","embeddable":true,"href":"https:\/\/artaora.com\/fr\/wp-json\/wp\/v2\/product_tag?post=632"}],"curies":[{"name":"wp","href":"https:\/\/api.w.org\/{rel}","templated":true}]}}