{"id":636,"date":"2026-03-01T12:20:55","date_gmt":"2026-03-01T12:20:55","guid":{"rendered":"https:\/\/artaora.com\/product\/boucles-doreilles-violettes-a-engrenages-superposes\/"},"modified":"2026-03-01T13:52:59","modified_gmt":"2026-03-01T13:52:59","slug":"boucles-doreilles-violettes-a-engrenages-superposes","status":"publish","type":"product","link":"https:\/\/artaora.com\/fr\/produit\/boucles-doreilles-violettes-a-engrenages-superposes\/","title":{"rendered":"Boucles d\u2019oreilles violettes \u00e0 engrenages superpos\u00e9s"},"content":{"rendered":"<p>Le violet att\u00e9nu\u00e9 adoucit le fond tandis que les engrenages argent\u00e9s et en laiton occupent des plans distincts, cr\u00e9ant une \u00e9tude de profondeur.<\/p>\n","protected":false},"excerpt":{"rendered":"<p>Le violet att\u00e9nu\u00e9 adoucit le fond tandis que les engrenages argent\u00e9s et en laiton occupent des plans distincts, cr\u00e9ant une \u00e9tude de profondeur.<\/p>\n","protected":false},"featured_media":633,"comment_status":"open","ping_status":"closed","template":"","meta":[],"product_brand":[],"product_cat":[256],"product_tag":[],"class_list":{"0":"post-636","1":"product","2":"type-product","3":"status-publish","4":"has-post-thumbnail","6":"product_cat-boucles-doreilles","7":"pa_charm-pieces-de-montre-uniquement","8":"pa_color-violet","9":"pa_size-10mm","11":"first","12":"instock","13":"taxable","14":"shipping-taxable","15":"purchasable","16":"product-type-simple"},"_links":{"self":[{"href":"https:\/\/artaora.com\/fr\/wp-json\/wp\/v2\/product\/636","targetHints":{"allow":["GET"]}}],"collection":[{"href":"https:\/\/artaora.com\/fr\/wp-json\/wp\/v2\/product"}],"about":[{"href":"https:\/\/artaora.com\/fr\/wp-json\/wp\/v2\/types\/product"}],"replies":[{"embeddable":true,"href":"https:\/\/artaora.com\/fr\/wp-json\/wp\/v2\/comments?post=636"}],"wp:featuredmedia":[{"embeddable":true,"href":"https:\/\/artaora.com\/fr\/wp-json\/wp\/v2\/media\/633"}],"wp:attachment":[{"href":"https:\/\/artaora.com\/fr\/wp-json\/wp\/v2\/media?parent=636"}],"wp:term":[{"taxonomy":"product_brand","embeddable":true,"href":"https:\/\/artaora.com\/fr\/wp-json\/wp\/v2\/product_brand?post=636"},{"taxonomy":"product_cat","embeddable":true,"href":"https:\/\/artaora.com\/fr\/wp-json\/wp\/v2\/product_cat?post=636"},{"taxonomy":"product_tag","embeddable":true,"href":"https:\/\/artaora.com\/fr\/wp-json\/wp\/v2\/product_tag?post=636"}],"curies":[{"name":"wp","href":"https:\/\/api.w.org\/{rel}","templated":true}]}}