{"id":640,"date":"2026-03-01T12:20:56","date_gmt":"2026-03-01T12:20:56","guid":{"rendered":"https:\/\/artaora.com\/product\/boucles-doreilles-bleu-fonce-a-engrenages-asymetriques\/"},"modified":"2026-03-01T13:53:00","modified_gmt":"2026-03-01T13:53:00","slug":"boucles-doreilles-bleu-fonce-a-engrenages-asymetriques","status":"publish","type":"product","link":"https:\/\/artaora.com\/fr\/produit\/boucles-doreilles-bleu-fonce-a-engrenages-asymetriques\/","title":{"rendered":"Boucles d\u2019oreilles bleu fonc\u00e9 \u00e0 engrenages asym\u00e9triques"},"content":{"rendered":"<p>Sur une base bleu fonc\u00e9, des engrenages en laiton de tailles vari\u00e9es sont d\u00e9centr\u00e9s pour cr\u00e9er un d\u00e9s\u00e9quilibre volontaire et du mouvement.<\/p>\n","protected":false},"excerpt":{"rendered":"<p>Sur une base bleu fonc\u00e9, des engrenages en laiton de tailles vari\u00e9es sont d\u00e9centr\u00e9s pour cr\u00e9er un d\u00e9s\u00e9quilibre volontaire et du mouvement.<\/p>\n","protected":false},"featured_media":637,"comment_status":"open","ping_status":"closed","template":"","meta":[],"product_brand":[],"product_cat":[256],"product_tag":[],"class_list":{"0":"post-640","1":"product","2":"type-product","3":"status-publish","4":"has-post-thumbnail","6":"product_cat-boucles-doreilles","7":"pa_charm-pieces-de-montre-uniquement","8":"pa_color-bleu","9":"pa_color-bleu-fonce","10":"pa_size-10mm","12":"first","13":"instock","14":"taxable","15":"shipping-taxable","16":"purchasable","17":"product-type-simple"},"_links":{"self":[{"href":"https:\/\/artaora.com\/fr\/wp-json\/wp\/v2\/product\/640","targetHints":{"allow":["GET"]}}],"collection":[{"href":"https:\/\/artaora.com\/fr\/wp-json\/wp\/v2\/product"}],"about":[{"href":"https:\/\/artaora.com\/fr\/wp-json\/wp\/v2\/types\/product"}],"replies":[{"embeddable":true,"href":"https:\/\/artaora.com\/fr\/wp-json\/wp\/v2\/comments?post=640"}],"wp:featuredmedia":[{"embeddable":true,"href":"https:\/\/artaora.com\/fr\/wp-json\/wp\/v2\/media\/637"}],"wp:attachment":[{"href":"https:\/\/artaora.com\/fr\/wp-json\/wp\/v2\/media?parent=640"}],"wp:term":[{"taxonomy":"product_brand","embeddable":true,"href":"https:\/\/artaora.com\/fr\/wp-json\/wp\/v2\/product_brand?post=640"},{"taxonomy":"product_cat","embeddable":true,"href":"https:\/\/artaora.com\/fr\/wp-json\/wp\/v2\/product_cat?post=640"},{"taxonomy":"product_tag","embeddable":true,"href":"https:\/\/artaora.com\/fr\/wp-json\/wp\/v2\/product_tag?post=640"}],"curies":[{"name":"wp","href":"https:\/\/api.w.org\/{rel}","templated":true}]}}