{"id":648,"date":"2026-03-01T12:21:00","date_gmt":"2026-03-01T12:21:00","guid":{"rendered":"https:\/\/artaora.com\/product\/boucles-doreilles-bleu-sarcelle-a-double-engrenage-industriel\/"},"modified":"2026-03-01T13:53:01","modified_gmt":"2026-03-01T13:53:01","slug":"boucles-doreilles-bleu-sarcelle-a-double-engrenage-industriel","status":"publish","type":"product","link":"https:\/\/artaora.com\/fr\/produit\/boucles-doreilles-bleu-sarcelle-a-double-engrenage-industriel\/","title":{"rendered":"Boucles d\u2019oreilles bleu sarcelle \u00e0 double engrenage industriel"},"content":{"rendered":"<p>Deux engrenages en laiton se chevauchent sur la base bleue, r\u00e9partissant le poids en diagonale pour sugg\u00e9rer une interaction m\u00e9canique.<\/p>\n","protected":false},"excerpt":{"rendered":"<p>Deux engrenages en laiton se chevauchent sur la base bleue, r\u00e9partissant le poids en diagonale pour sugg\u00e9rer une interaction m\u00e9canique.<\/p>\n","protected":false},"featured_media":645,"comment_status":"open","ping_status":"closed","template":"","meta":[],"product_brand":[],"product_cat":[256],"product_tag":[],"class_list":{"0":"post-648","1":"product","2":"type-product","3":"status-publish","4":"has-post-thumbnail","6":"product_cat-boucles-doreilles","7":"pa_charm-pieces-de-montre-uniquement","8":"pa_color-bleu","9":"pa_size-10mm","11":"first","12":"instock","13":"taxable","14":"shipping-taxable","15":"purchasable","16":"product-type-simple"},"_links":{"self":[{"href":"https:\/\/artaora.com\/fr\/wp-json\/wp\/v2\/product\/648","targetHints":{"allow":["GET"]}}],"collection":[{"href":"https:\/\/artaora.com\/fr\/wp-json\/wp\/v2\/product"}],"about":[{"href":"https:\/\/artaora.com\/fr\/wp-json\/wp\/v2\/types\/product"}],"replies":[{"embeddable":true,"href":"https:\/\/artaora.com\/fr\/wp-json\/wp\/v2\/comments?post=648"}],"wp:featuredmedia":[{"embeddable":true,"href":"https:\/\/artaora.com\/fr\/wp-json\/wp\/v2\/media\/645"}],"wp:attachment":[{"href":"https:\/\/artaora.com\/fr\/wp-json\/wp\/v2\/media?parent=648"}],"wp:term":[{"taxonomy":"product_brand","embeddable":true,"href":"https:\/\/artaora.com\/fr\/wp-json\/wp\/v2\/product_brand?post=648"},{"taxonomy":"product_cat","embeddable":true,"href":"https:\/\/artaora.com\/fr\/wp-json\/wp\/v2\/product_cat?post=648"},{"taxonomy":"product_tag","embeddable":true,"href":"https:\/\/artaora.com\/fr\/wp-json\/wp\/v2\/product_tag?post=648"}],"curies":[{"name":"wp","href":"https:\/\/api.w.org\/{rel}","templated":true}]}}