{"id":652,"date":"2026-03-01T12:21:02","date_gmt":"2026-03-01T12:21:02","guid":{"rendered":"https:\/\/artaora.com\/product\/boucles-doreilles-rouges-industrielles-a-engrenage-surdimensionne\/"},"modified":"2026-03-01T13:53:02","modified_gmt":"2026-03-01T13:53:02","slug":"boucles-doreilles-rouges-industrielles-a-engrenage-surdimensionne","status":"publish","type":"product","link":"https:\/\/artaora.com\/fr\/produit\/boucles-doreilles-rouges-industrielles-a-engrenage-surdimensionne\/","title":{"rendered":"Boucles d\u2019oreilles rouges industrielles \u00e0 engrenage surdimensionn\u00e9"},"content":{"rendered":"<p>Un engrenage dominant en laiton occupe presque toute la base rouge, cr\u00e9ant une structure focale compacte et tr\u00e8s pr\u00e9sente en 10mm.<\/p>\n","protected":false},"excerpt":{"rendered":"<p>Un engrenage dominant en laiton occupe presque toute la base rouge, cr\u00e9ant une structure focale compacte et tr\u00e8s pr\u00e9sente en 10mm.<\/p>\n","protected":false},"featured_media":649,"comment_status":"open","ping_status":"closed","template":"","meta":[],"product_brand":[],"product_cat":[256],"product_tag":[],"class_list":{"0":"post-652","1":"product","2":"type-product","3":"status-publish","4":"has-post-thumbnail","6":"product_cat-boucles-doreilles","7":"pa_charm-pieces-de-montre-uniquement","8":"pa_color-rouge","9":"pa_size-10mm","11":"first","12":"instock","13":"taxable","14":"shipping-taxable","15":"purchasable","16":"product-type-simple"},"_links":{"self":[{"href":"https:\/\/artaora.com\/fr\/wp-json\/wp\/v2\/product\/652","targetHints":{"allow":["GET"]}}],"collection":[{"href":"https:\/\/artaora.com\/fr\/wp-json\/wp\/v2\/product"}],"about":[{"href":"https:\/\/artaora.com\/fr\/wp-json\/wp\/v2\/types\/product"}],"replies":[{"embeddable":true,"href":"https:\/\/artaora.com\/fr\/wp-json\/wp\/v2\/comments?post=652"}],"wp:featuredmedia":[{"embeddable":true,"href":"https:\/\/artaora.com\/fr\/wp-json\/wp\/v2\/media\/649"}],"wp:attachment":[{"href":"https:\/\/artaora.com\/fr\/wp-json\/wp\/v2\/media?parent=652"}],"wp:term":[{"taxonomy":"product_brand","embeddable":true,"href":"https:\/\/artaora.com\/fr\/wp-json\/wp\/v2\/product_brand?post=652"},{"taxonomy":"product_cat","embeddable":true,"href":"https:\/\/artaora.com\/fr\/wp-json\/wp\/v2\/product_cat?post=652"},{"taxonomy":"product_tag","embeddable":true,"href":"https:\/\/artaora.com\/fr\/wp-json\/wp\/v2\/product_tag?post=652"}],"curies":[{"name":"wp","href":"https:\/\/api.w.org\/{rel}","templated":true}]}}