{"id":656,"date":"2026-03-01T12:21:03","date_gmt":"2026-03-01T12:21:03","guid":{"rendered":"https:\/\/artaora.com\/product\/boucles-doreilles-steampunk-vertes-arbre-de-vie\/"},"modified":"2026-03-01T13:53:02","modified_gmt":"2026-03-01T13:53:02","slug":"boucles-doreilles-steampunk-vertes-arbre-de-vie","status":"publish","type":"product","link":"https:\/\/artaora.com\/fr\/produit\/boucles-doreilles-steampunk-vertes-arbre-de-vie\/","title":{"rendered":"Boucles d\u2019Oreilles Steampunk Vertes Arbre de Vie"},"content":{"rendered":"<p>L\u2019arbre de vie se d\u00e9tache sur une base peinte en vert, au-dessus de composants horlogers superpos\u00e9s, pour un contraste nature\/m\u00e9canique. Les fermoirs leverback portent la longueur totale \u00e0 environ 25mm pour un port s\u00fbr et \u00e9quilibr\u00e9. Une paire compacte de boucles steampunk artisanales \u00e0 forte symbolique.<\/p>\n","protected":false},"excerpt":{"rendered":"<p>L\u2019arbre de vie se d\u00e9tache sur une base peinte en vert, au-dessus de composants horlogers superpos\u00e9s, pour un contraste nature\/m\u00e9canique. Les fermoirs leverback portent la longueur totale \u00e0 environ 25mm pour un port s\u00fbr et \u00e9quilibr\u00e9. Une paire compacte de boucles steampunk artisanales \u00e0 forte symbolique.<\/p>\n","protected":false},"featured_media":653,"comment_status":"open","ping_status":"closed","template":"","meta":[],"product_brand":[],"product_cat":[256],"product_tag":[],"class_list":{"0":"post-656","1":"product","2":"type-product","3":"status-publish","4":"has-post-thumbnail","6":"product_cat-boucles-doreilles","7":"pa_charm-arbre-de-vie","8":"pa_charm-nature","9":"pa_color-vert","10":"pa_size-14mm","12":"first","13":"instock","14":"taxable","15":"shipping-taxable","16":"purchasable","17":"product-type-simple"},"_links":{"self":[{"href":"https:\/\/artaora.com\/fr\/wp-json\/wp\/v2\/product\/656","targetHints":{"allow":["GET"]}}],"collection":[{"href":"https:\/\/artaora.com\/fr\/wp-json\/wp\/v2\/product"}],"about":[{"href":"https:\/\/artaora.com\/fr\/wp-json\/wp\/v2\/types\/product"}],"replies":[{"embeddable":true,"href":"https:\/\/artaora.com\/fr\/wp-json\/wp\/v2\/comments?post=656"}],"wp:featuredmedia":[{"embeddable":true,"href":"https:\/\/artaora.com\/fr\/wp-json\/wp\/v2\/media\/653"}],"wp:attachment":[{"href":"https:\/\/artaora.com\/fr\/wp-json\/wp\/v2\/media?parent=656"}],"wp:term":[{"taxonomy":"product_brand","embeddable":true,"href":"https:\/\/artaora.com\/fr\/wp-json\/wp\/v2\/product_brand?post=656"},{"taxonomy":"product_cat","embeddable":true,"href":"https:\/\/artaora.com\/fr\/wp-json\/wp\/v2\/product_cat?post=656"},{"taxonomy":"product_tag","embeddable":true,"href":"https:\/\/artaora.com\/fr\/wp-json\/wp\/v2\/product_tag?post=656"}],"curies":[{"name":"wp","href":"https:\/\/api.w.org\/{rel}","templated":true}]}}