{"id":660,"date":"2026-03-01T12:21:05","date_gmt":"2026-03-01T12:21:05","guid":{"rendered":"https:\/\/artaora.com\/product\/boucles-doreilles-steampunk-dorees-arbre-de-vie\/"},"modified":"2026-03-01T13:53:03","modified_gmt":"2026-03-01T13:53:03","slug":"boucles-doreilles-steampunk-dorees-arbre-de-vie","status":"publish","type":"product","link":"https:\/\/artaora.com\/fr\/produit\/boucles-doreilles-steampunk-dorees-arbre-de-vie\/","title":{"rendered":"Boucles d\u2019Oreilles Steampunk Dor\u00e9es Arbre de Vie"},"content":{"rendered":"<p>Une surface peinte en dor\u00e9 met en valeur l\u2019arbre de vie superpos\u00e9 \u00e0 des composants horlogers recycl\u00e9s scell\u00e9s sous r\u00e9sine. Les fermoirs leverback portent la chute totale \u00e0 environ 25mm, avec une fermeture s\u00fbre et un mouvement confortable. Un bijou compact en pi\u00e8ces d\u2019horlogerie recycl\u00e9es, charg\u00e9 de sens.<\/p>\n","protected":false},"excerpt":{"rendered":"<p>Une surface peinte en dor\u00e9 met en valeur l\u2019arbre de vie superpos\u00e9 \u00e0 des composants horlogers recycl\u00e9s scell\u00e9s sous r\u00e9sine. Les fermoirs leverback portent la chute totale \u00e0 environ 25mm, avec une fermeture s\u00fbre et un mouvement confortable. Un bijou compact en pi\u00e8ces d\u2019horlogerie recycl\u00e9es, charg\u00e9 de sens.<\/p>\n","protected":false},"featured_media":657,"comment_status":"open","ping_status":"closed","template":"","meta":[],"product_brand":[],"product_cat":[256],"product_tag":[],"class_list":{"0":"post-660","1":"product","2":"type-product","3":"status-publish","4":"has-post-thumbnail","6":"product_cat-boucles-doreilles","7":"pa_charm-arbre-de-vie","8":"pa_charm-nature","9":"pa_color-dore","10":"pa_size-14mm","12":"first","13":"instock","14":"taxable","15":"shipping-taxable","16":"purchasable","17":"product-type-simple"},"_links":{"self":[{"href":"https:\/\/artaora.com\/fr\/wp-json\/wp\/v2\/product\/660","targetHints":{"allow":["GET"]}}],"collection":[{"href":"https:\/\/artaora.com\/fr\/wp-json\/wp\/v2\/product"}],"about":[{"href":"https:\/\/artaora.com\/fr\/wp-json\/wp\/v2\/types\/product"}],"replies":[{"embeddable":true,"href":"https:\/\/artaora.com\/fr\/wp-json\/wp\/v2\/comments?post=660"}],"wp:featuredmedia":[{"embeddable":true,"href":"https:\/\/artaora.com\/fr\/wp-json\/wp\/v2\/media\/657"}],"wp:attachment":[{"href":"https:\/\/artaora.com\/fr\/wp-json\/wp\/v2\/media?parent=660"}],"wp:term":[{"taxonomy":"product_brand","embeddable":true,"href":"https:\/\/artaora.com\/fr\/wp-json\/wp\/v2\/product_brand?post=660"},{"taxonomy":"product_cat","embeddable":true,"href":"https:\/\/artaora.com\/fr\/wp-json\/wp\/v2\/product_cat?post=660"},{"taxonomy":"product_tag","embeddable":true,"href":"https:\/\/artaora.com\/fr\/wp-json\/wp\/v2\/product_tag?post=660"}],"curies":[{"name":"wp","href":"https:\/\/api.w.org\/{rel}","templated":true}]}}