{"id":672,"date":"2026-03-01T12:21:09","date_gmt":"2026-03-01T12:21:09","guid":{"rendered":"https:\/\/artaora.com\/product\/boucles-doreilles-mecaniques-noires-arbre-de-vie\/"},"modified":"2026-03-01T13:53:05","modified_gmt":"2026-03-01T13:53:05","slug":"boucles-doreilles-mecaniques-noires-arbre-de-vie","status":"publish","type":"product","link":"https:\/\/artaora.com\/fr\/produit\/boucles-doreilles-mecaniques-noires-arbre-de-vie\/","title":{"rendered":"Boucles d\u2019Oreilles M\u00e9caniques Noires Arbre de Vie"},"content":{"rendered":"<p>Une base peinte en noir renforce la silhouette de l\u2019arbre de vie face aux engrenages aux reflets dor\u00e9s. La fermeture leverback s\u00e9curise le port et porte la longueur totale \u00e0 environ 25mm pour un usage quotidien stable. Des boucles steampunk artisanales compactes et contrast\u00e9es.<\/p>\n","protected":false},"excerpt":{"rendered":"<p>Une base peinte en noir renforce la silhouette de l\u2019arbre de vie face aux engrenages aux reflets dor\u00e9s. La fermeture leverback s\u00e9curise le port et porte la longueur totale \u00e0 environ 25mm pour un usage quotidien stable. Des boucles steampunk artisanales compactes et contrast\u00e9es.<\/p>\n","protected":false},"featured_media":669,"comment_status":"open","ping_status":"closed","template":"","meta":[],"product_brand":[],"product_cat":[256],"product_tag":[],"class_list":{"0":"post-672","1":"product","2":"type-product","3":"status-publish","4":"has-post-thumbnail","6":"product_cat-boucles-doreilles","7":"pa_charm-arbre-de-vie","8":"pa_charm-nature","9":"pa_color-noir","10":"pa_size-14mm","12":"first","13":"instock","14":"taxable","15":"shipping-taxable","16":"purchasable","17":"product-type-simple"},"_links":{"self":[{"href":"https:\/\/artaora.com\/fr\/wp-json\/wp\/v2\/product\/672","targetHints":{"allow":["GET"]}}],"collection":[{"href":"https:\/\/artaora.com\/fr\/wp-json\/wp\/v2\/product"}],"about":[{"href":"https:\/\/artaora.com\/fr\/wp-json\/wp\/v2\/types\/product"}],"replies":[{"embeddable":true,"href":"https:\/\/artaora.com\/fr\/wp-json\/wp\/v2\/comments?post=672"}],"wp:featuredmedia":[{"embeddable":true,"href":"https:\/\/artaora.com\/fr\/wp-json\/wp\/v2\/media\/669"}],"wp:attachment":[{"href":"https:\/\/artaora.com\/fr\/wp-json\/wp\/v2\/media?parent=672"}],"wp:term":[{"taxonomy":"product_brand","embeddable":true,"href":"https:\/\/artaora.com\/fr\/wp-json\/wp\/v2\/product_brand?post=672"},{"taxonomy":"product_cat","embeddable":true,"href":"https:\/\/artaora.com\/fr\/wp-json\/wp\/v2\/product_cat?post=672"},{"taxonomy":"product_tag","embeddable":true,"href":"https:\/\/artaora.com\/fr\/wp-json\/wp\/v2\/product_tag?post=672"}],"curies":[{"name":"wp","href":"https:\/\/api.w.org\/{rel}","templated":true}]}}