{"id":676,"date":"2026-03-01T12:21:10","date_gmt":"2026-03-01T12:21:10","guid":{"rendered":"https:\/\/artaora.com\/product\/boucles-doreilles-steampunk-turquoise-arbre-de-vie\/"},"modified":"2026-03-01T13:53:05","modified_gmt":"2026-03-01T13:53:05","slug":"boucles-doreilles-steampunk-turquoise-arbre-de-vie","status":"publish","type":"product","link":"https:\/\/artaora.com\/fr\/produit\/boucles-doreilles-steampunk-turquoise-arbre-de-vie\/","title":{"rendered":"Boucles d\u2019Oreilles Steampunk Turquoise Arbre de Vie"},"content":{"rendered":"<p>Un turquoise frais structure la base peinte et met en \u00e9vidence l\u2019arbre de vie sur un d\u00e9tail m\u00e9canique discret. Les fermoirs leverback portent la longueur totale \u00e0 environ 25mm, pour un maintien s\u00fbr et un mouvement confortable. Une paire soign\u00e9e de boucles steampunk en r\u00e9sine artisanales.<\/p>\n","protected":false},"excerpt":{"rendered":"<p>Un turquoise frais structure la base peinte et met en \u00e9vidence l\u2019arbre de vie sur un d\u00e9tail m\u00e9canique discret. Les fermoirs leverback portent la longueur totale \u00e0 environ 25mm, pour un maintien s\u00fbr et un mouvement confortable. Une paire soign\u00e9e de boucles steampunk en r\u00e9sine artisanales.<\/p>\n","protected":false},"featured_media":673,"comment_status":"open","ping_status":"closed","template":"","meta":[],"product_brand":[],"product_cat":[256],"product_tag":[],"class_list":{"0":"post-676","1":"product","2":"type-product","3":"status-publish","4":"has-post-thumbnail","6":"product_cat-boucles-doreilles","7":"pa_charm-arbre-de-vie","8":"pa_charm-nature","9":"pa_color-turquoise","10":"pa_size-14mm","12":"first","13":"instock","14":"taxable","15":"shipping-taxable","16":"purchasable","17":"product-type-simple"},"_links":{"self":[{"href":"https:\/\/artaora.com\/fr\/wp-json\/wp\/v2\/product\/676","targetHints":{"allow":["GET"]}}],"collection":[{"href":"https:\/\/artaora.com\/fr\/wp-json\/wp\/v2\/product"}],"about":[{"href":"https:\/\/artaora.com\/fr\/wp-json\/wp\/v2\/types\/product"}],"replies":[{"embeddable":true,"href":"https:\/\/artaora.com\/fr\/wp-json\/wp\/v2\/comments?post=676"}],"wp:featuredmedia":[{"embeddable":true,"href":"https:\/\/artaora.com\/fr\/wp-json\/wp\/v2\/media\/673"}],"wp:attachment":[{"href":"https:\/\/artaora.com\/fr\/wp-json\/wp\/v2\/media?parent=676"}],"wp:term":[{"taxonomy":"product_brand","embeddable":true,"href":"https:\/\/artaora.com\/fr\/wp-json\/wp\/v2\/product_brand?post=676"},{"taxonomy":"product_cat","embeddable":true,"href":"https:\/\/artaora.com\/fr\/wp-json\/wp\/v2\/product_cat?post=676"},{"taxonomy":"product_tag","embeddable":true,"href":"https:\/\/artaora.com\/fr\/wp-json\/wp\/v2\/product_tag?post=676"}],"curies":[{"name":"wp","href":"https:\/\/api.w.org\/{rel}","templated":true}]}}