{"id":688,"date":"2026-03-01T12:21:13","date_gmt":"2026-03-01T12:21:13","guid":{"rendered":"https:\/\/artaora.com\/product\/boucles-doreilles-industrielles-grises-en-pieces-dhorlogerie\/"},"modified":"2026-03-01T13:53:07","modified_gmt":"2026-03-01T13:53:07","slug":"boucles-doreilles-industrielles-grises-en-pieces-dhorlogerie","status":"publish","type":"product","link":"https:\/\/artaora.com\/fr\/produit\/boucles-doreilles-industrielles-grises-en-pieces-dhorlogerie\/","title":{"rendered":"Boucles d\u2019Oreilles Industrielles Grises en Pi\u00e8ces d\u2019Horlogerie"},"content":{"rendered":"<p>Des tons gris fonc\u00e9 renforcent l\u2019esprit industriel autour d\u2019engrenages dor\u00e9s expos\u00e9s dans le cercle de 14mm. Les fermoirs leverback portent la longueur totale \u00e0 environ 25mm, avec une fermeture fiable et une ligne verticale mesur\u00e9e. Un bijou m\u00e9canique artisanal sans ajout symbolique.<\/p>\n","protected":false},"excerpt":{"rendered":"<p>Des tons gris fonc\u00e9 renforcent l\u2019esprit industriel autour d\u2019engrenages dor\u00e9s expos\u00e9s dans le cercle de 14mm. Les fermoirs leverback portent la longueur totale \u00e0 environ 25mm, avec une fermeture fiable et une ligne verticale mesur\u00e9e. Un bijou m\u00e9canique artisanal sans ajout symbolique.<\/p>\n","protected":false},"featured_media":685,"comment_status":"open","ping_status":"closed","template":"","meta":[],"product_brand":[],"product_cat":[256],"product_tag":[],"class_list":{"0":"post-688","1":"product","2":"type-product","3":"status-publish","4":"has-post-thumbnail","6":"product_cat-boucles-doreilles","7":"pa_charm-pieces-de-montre-uniquement","8":"pa_color-gris","9":"pa_size-14mm","11":"first","12":"instock","13":"taxable","14":"shipping-taxable","15":"purchasable","16":"product-type-simple"},"_links":{"self":[{"href":"https:\/\/artaora.com\/fr\/wp-json\/wp\/v2\/product\/688","targetHints":{"allow":["GET"]}}],"collection":[{"href":"https:\/\/artaora.com\/fr\/wp-json\/wp\/v2\/product"}],"about":[{"href":"https:\/\/artaora.com\/fr\/wp-json\/wp\/v2\/types\/product"}],"replies":[{"embeddable":true,"href":"https:\/\/artaora.com\/fr\/wp-json\/wp\/v2\/comments?post=688"}],"wp:featuredmedia":[{"embeddable":true,"href":"https:\/\/artaora.com\/fr\/wp-json\/wp\/v2\/media\/685"}],"wp:attachment":[{"href":"https:\/\/artaora.com\/fr\/wp-json\/wp\/v2\/media?parent=688"}],"wp:term":[{"taxonomy":"product_brand","embeddable":true,"href":"https:\/\/artaora.com\/fr\/wp-json\/wp\/v2\/product_brand?post=688"},{"taxonomy":"product_cat","embeddable":true,"href":"https:\/\/artaora.com\/fr\/wp-json\/wp\/v2\/product_cat?post=688"},{"taxonomy":"product_tag","embeddable":true,"href":"https:\/\/artaora.com\/fr\/wp-json\/wp\/v2\/product_tag?post=688"}],"curies":[{"name":"wp","href":"https:\/\/api.w.org\/{rel}","templated":true}]}}