{"id":692,"date":"2026-03-01T12:21:15","date_gmt":"2026-03-01T12:21:15","guid":{"rendered":"https:\/\/artaora.com\/product\/boucles-doreilles-mecaniques-bleues-en-pieces-dhorlogerie\/"},"modified":"2026-03-01T13:53:07","modified_gmt":"2026-03-01T13:53:07","slug":"boucles-doreilles-mecaniques-bleues-en-pieces-dhorlogerie","status":"publish","type":"product","link":"https:\/\/artaora.com\/fr\/produit\/boucles-doreilles-mecaniques-bleues-en-pieces-dhorlogerie\/","title":{"rendered":"Boucles d\u2019Oreilles M\u00e9caniques Bleues en Pi\u00e8ces d\u2019Horlogerie"},"content":{"rendered":"<p>Un pigment bleu textur\u00e9 apporte de la profondeur sous des engrenages recycl\u00e9s imbriqu\u00e9s en couches. Les fermoirs leverback portent la longueur totale \u00e0 environ 25mm, alliant fixation s\u00fbre et mouvement ma\u00eetris\u00e9. Une pi\u00e8ce compacte de bijou industriel recycl\u00e9 fait main.<\/p>\n","protected":false},"excerpt":{"rendered":"<p>Un pigment bleu textur\u00e9 apporte de la profondeur sous des engrenages recycl\u00e9s imbriqu\u00e9s en couches. Les fermoirs leverback portent la longueur totale \u00e0 environ 25mm, alliant fixation s\u00fbre et mouvement ma\u00eetris\u00e9. Une pi\u00e8ce compacte de bijou industriel recycl\u00e9 fait main.<\/p>\n","protected":false},"featured_media":689,"comment_status":"open","ping_status":"closed","template":"","meta":[],"product_brand":[],"product_cat":[256],"product_tag":[],"class_list":{"0":"post-692","1":"product","2":"type-product","3":"status-publish","4":"has-post-thumbnail","6":"product_cat-boucles-doreilles","7":"pa_charm-pieces-de-montre-uniquement","8":"pa_color-bleu","9":"pa_size-14mm","11":"first","12":"instock","13":"taxable","14":"shipping-taxable","15":"purchasable","16":"product-type-simple"},"_links":{"self":[{"href":"https:\/\/artaora.com\/fr\/wp-json\/wp\/v2\/product\/692","targetHints":{"allow":["GET"]}}],"collection":[{"href":"https:\/\/artaora.com\/fr\/wp-json\/wp\/v2\/product"}],"about":[{"href":"https:\/\/artaora.com\/fr\/wp-json\/wp\/v2\/types\/product"}],"replies":[{"embeddable":true,"href":"https:\/\/artaora.com\/fr\/wp-json\/wp\/v2\/comments?post=692"}],"wp:featuredmedia":[{"embeddable":true,"href":"https:\/\/artaora.com\/fr\/wp-json\/wp\/v2\/media\/689"}],"wp:attachment":[{"href":"https:\/\/artaora.com\/fr\/wp-json\/wp\/v2\/media?parent=692"}],"wp:term":[{"taxonomy":"product_brand","embeddable":true,"href":"https:\/\/artaora.com\/fr\/wp-json\/wp\/v2\/product_brand?post=692"},{"taxonomy":"product_cat","embeddable":true,"href":"https:\/\/artaora.com\/fr\/wp-json\/wp\/v2\/product_cat?post=692"},{"taxonomy":"product_tag","embeddable":true,"href":"https:\/\/artaora.com\/fr\/wp-json\/wp\/v2\/product_tag?post=692"}],"curies":[{"name":"wp","href":"https:\/\/api.w.org\/{rel}","templated":true}]}}