{"id":700,"date":"2026-03-01T12:21:17","date_gmt":"2026-03-01T12:21:17","guid":{"rendered":"https:\/\/artaora.com\/product\/boucles-doreilles-orange-a-engrenages-en-spirale\/"},"modified":"2026-03-01T13:53:08","modified_gmt":"2026-03-01T13:53:08","slug":"boucles-doreilles-orange-a-engrenages-en-spirale","status":"publish","type":"product","link":"https:\/\/artaora.com\/fr\/produit\/boucles-doreilles-orange-a-engrenages-en-spirale\/","title":{"rendered":"Boucles d\u2019Oreilles Orange \u00e0 Engrenages en Spirale"},"content":{"rendered":"<p>Une base peinte en orange structure la surface, avec des nuances roses sous des engrenages en spirale sugg\u00e9rant le mouvement. Les fermoirs leverback portent la longueur totale \u00e0 environ 25mm, s\u00e9curisant la chute tout en gardant l\u2019ensemble vivant. Un bijou m\u00e9canique recycl\u00e9 fait main, lumineux.<\/p>\n","protected":false},"excerpt":{"rendered":"<p>Une base peinte en orange structure la surface, avec des nuances roses sous des engrenages en spirale sugg\u00e9rant le mouvement. Les fermoirs leverback portent la longueur totale \u00e0 environ 25mm, s\u00e9curisant la chute tout en gardant l\u2019ensemble vivant. Un bijou m\u00e9canique recycl\u00e9 fait main, lumineux.<\/p>\n","protected":false},"featured_media":697,"comment_status":"open","ping_status":"closed","template":"","meta":[],"product_brand":[],"product_cat":[256],"product_tag":[],"class_list":{"0":"post-700","1":"product","2":"type-product","3":"status-publish","4":"has-post-thumbnail","6":"product_cat-boucles-doreilles","7":"pa_charm-pieces-de-montre-uniquement","8":"pa_color-orange","9":"pa_color-rose","10":"pa_size-14mm","12":"first","13":"instock","14":"taxable","15":"shipping-taxable","16":"purchasable","17":"product-type-simple"},"_links":{"self":[{"href":"https:\/\/artaora.com\/fr\/wp-json\/wp\/v2\/product\/700","targetHints":{"allow":["GET"]}}],"collection":[{"href":"https:\/\/artaora.com\/fr\/wp-json\/wp\/v2\/product"}],"about":[{"href":"https:\/\/artaora.com\/fr\/wp-json\/wp\/v2\/types\/product"}],"replies":[{"embeddable":true,"href":"https:\/\/artaora.com\/fr\/wp-json\/wp\/v2\/comments?post=700"}],"wp:featuredmedia":[{"embeddable":true,"href":"https:\/\/artaora.com\/fr\/wp-json\/wp\/v2\/media\/697"}],"wp:attachment":[{"href":"https:\/\/artaora.com\/fr\/wp-json\/wp\/v2\/media?parent=700"}],"wp:term":[{"taxonomy":"product_brand","embeddable":true,"href":"https:\/\/artaora.com\/fr\/wp-json\/wp\/v2\/product_brand?post=700"},{"taxonomy":"product_cat","embeddable":true,"href":"https:\/\/artaora.com\/fr\/wp-json\/wp\/v2\/product_cat?post=700"},{"taxonomy":"product_tag","embeddable":true,"href":"https:\/\/artaora.com\/fr\/wp-json\/wp\/v2\/product_tag?post=700"}],"curies":[{"name":"wp","href":"https:\/\/api.w.org\/{rel}","templated":true}]}}