{"id":712,"date":"2026-03-01T12:21:20","date_gmt":"2026-03-01T12:21:20","guid":{"rendered":"https:\/\/artaora.com\/product\/boucles-doreilles-mecaniques-turquoise-arbre-de-vie\/"},"modified":"2026-03-01T13:53:10","modified_gmt":"2026-03-01T13:53:10","slug":"boucles-doreilles-mecaniques-turquoise-arbre-de-vie","status":"publish","type":"product","link":"https:\/\/artaora.com\/fr\/produit\/boucles-doreilles-mecaniques-turquoise-arbre-de-vie\/","title":{"rendered":"Boucles d\u2019Oreilles M\u00e9caniques Turquoise Arbre de Vie"},"content":{"rendered":"<p>La superposition m\u00e9canique encadre l\u2019arbre de vie sur une base peinte en turquoise, cr\u00e9ant la profondeur par le contraste plut\u00f4t que par la taille. Les fermoirs leverback portent la longueur totale \u00e0 environ 25mm, assurant maintien s\u00fbr et mouvement r\u00e9gulier. Un bijou steampunk artisanal d\u2019inspiration nature, au rendu pr\u00e9cis.<\/p>\n","protected":false},"excerpt":{"rendered":"<p>La superposition m\u00e9canique encadre l\u2019arbre de vie sur une base peinte en turquoise, cr\u00e9ant la profondeur par le contraste plut\u00f4t que par la taille. Les fermoirs leverback portent la longueur totale \u00e0 environ 25mm, assurant maintien s\u00fbr et mouvement r\u00e9gulier. Un bijou steampunk artisanal d\u2019inspiration nature, au rendu pr\u00e9cis.<\/p>\n","protected":false},"featured_media":709,"comment_status":"open","ping_status":"closed","template":"","meta":[],"product_brand":[],"product_cat":[256],"product_tag":[],"class_list":{"0":"post-712","1":"product","2":"type-product","3":"status-publish","4":"has-post-thumbnail","6":"product_cat-boucles-doreilles","7":"pa_charm-arbre-de-vie","8":"pa_charm-nature","9":"pa_color-turquoise","10":"pa_size-14mm","12":"first","13":"instock","14":"taxable","15":"shipping-taxable","16":"purchasable","17":"product-type-simple"},"_links":{"self":[{"href":"https:\/\/artaora.com\/fr\/wp-json\/wp\/v2\/product\/712","targetHints":{"allow":["GET"]}}],"collection":[{"href":"https:\/\/artaora.com\/fr\/wp-json\/wp\/v2\/product"}],"about":[{"href":"https:\/\/artaora.com\/fr\/wp-json\/wp\/v2\/types\/product"}],"replies":[{"embeddable":true,"href":"https:\/\/artaora.com\/fr\/wp-json\/wp\/v2\/comments?post=712"}],"wp:featuredmedia":[{"embeddable":true,"href":"https:\/\/artaora.com\/fr\/wp-json\/wp\/v2\/media\/709"}],"wp:attachment":[{"href":"https:\/\/artaora.com\/fr\/wp-json\/wp\/v2\/media?parent=712"}],"wp:term":[{"taxonomy":"product_brand","embeddable":true,"href":"https:\/\/artaora.com\/fr\/wp-json\/wp\/v2\/product_brand?post=712"},{"taxonomy":"product_cat","embeddable":true,"href":"https:\/\/artaora.com\/fr\/wp-json\/wp\/v2\/product_cat?post=712"},{"taxonomy":"product_tag","embeddable":true,"href":"https:\/\/artaora.com\/fr\/wp-json\/wp\/v2\/product_tag?post=712"}],"curies":[{"name":"wp","href":"https:\/\/api.w.org\/{rel}","templated":true}]}}