{"id":720,"date":"2026-03-01T12:21:22","date_gmt":"2026-03-01T12:21:22","guid":{"rendered":"https:\/\/artaora.com\/product\/boucles-doreilles-dormeuses-orange-avec-engrenages-et-pieces-de-montre-recyclees\/"},"modified":"2026-03-01T13:53:11","modified_gmt":"2026-03-01T13:53:11","slug":"boucles-doreilles-dormeuses-orange-avec-engrenages-et-pieces-de-montre-recyclees","status":"publish","type":"product","link":"https:\/\/artaora.com\/fr\/produit\/boucles-doreilles-dormeuses-orange-avec-engrenages-et-pieces-de-montre-recyclees\/","title":{"rendered":"Boucles d\u2019oreilles dormeuses orange avec engrenages et pi\u00e8ces de montre recycl\u00e9es"},"content":{"rendered":"<p>Sur une base en acier inoxydable peinte en orange, ces boucles d\u2019oreilles en pi\u00e8ces de montre recycl\u00e9es mettent en avant de vrais engrenages scell\u00e9s sous r\u00e9sine. Les fermoirs dormeuses assurent une bonne tenue et portent la longueur totale \u00e0 20mm pour une allure steampunk discr\u00e8te.<\/p>\n","protected":false},"excerpt":{"rendered":"<p>Sur une base en acier inoxydable peinte en orange, ces boucles d\u2019oreilles en pi\u00e8ces de montre recycl\u00e9es mettent en avant de vrais engrenages scell\u00e9s sous r\u00e9sine. Les fermoirs dormeuses assurent une bonne tenue et portent la longueur totale \u00e0 20mm pour une allure steampunk discr\u00e8te.<\/p>\n","protected":false},"featured_media":717,"comment_status":"open","ping_status":"closed","template":"","meta":[],"product_brand":[],"product_cat":[256],"product_tag":[],"class_list":{"0":"post-720","1":"product","2":"type-product","3":"status-publish","4":"has-post-thumbnail","6":"product_cat-boucles-doreilles","7":"pa_charm-pieces-de-montre-uniquement","8":"pa_color-orange","9":"pa_size-12mm","11":"first","12":"instock","13":"featured","14":"taxable","15":"shipping-taxable","16":"purchasable","17":"product-type-simple"},"_links":{"self":[{"href":"https:\/\/artaora.com\/fr\/wp-json\/wp\/v2\/product\/720","targetHints":{"allow":["GET"]}}],"collection":[{"href":"https:\/\/artaora.com\/fr\/wp-json\/wp\/v2\/product"}],"about":[{"href":"https:\/\/artaora.com\/fr\/wp-json\/wp\/v2\/types\/product"}],"replies":[{"embeddable":true,"href":"https:\/\/artaora.com\/fr\/wp-json\/wp\/v2\/comments?post=720"}],"wp:featuredmedia":[{"embeddable":true,"href":"https:\/\/artaora.com\/fr\/wp-json\/wp\/v2\/media\/717"}],"wp:attachment":[{"href":"https:\/\/artaora.com\/fr\/wp-json\/wp\/v2\/media?parent=720"}],"wp:term":[{"taxonomy":"product_brand","embeddable":true,"href":"https:\/\/artaora.com\/fr\/wp-json\/wp\/v2\/product_brand?post=720"},{"taxonomy":"product_cat","embeddable":true,"href":"https:\/\/artaora.com\/fr\/wp-json\/wp\/v2\/product_cat?post=720"},{"taxonomy":"product_tag","embeddable":true,"href":"https:\/\/artaora.com\/fr\/wp-json\/wp\/v2\/product_tag?post=720"}],"curies":[{"name":"wp","href":"https:\/\/api.w.org\/{rel}","templated":true}]}}