{"id":724,"date":"2026-03-01T12:21:24","date_gmt":"2026-03-01T12:21:24","guid":{"rendered":"https:\/\/artaora.com\/product\/boucles-doreilles-dormeuses-bleues-style-industriel-avec-engrenages\/"},"modified":"2026-03-01T13:53:11","modified_gmt":"2026-03-01T13:53:11","slug":"boucles-doreilles-dormeuses-bleues-style-industriel-avec-engrenages","status":"publish","type":"product","link":"https:\/\/artaora.com\/fr\/produit\/boucles-doreilles-dormeuses-bleues-style-industriel-avec-engrenages\/","title":{"rendered":"Boucles d\u2019oreilles dormeuses bleues style industriel avec engrenages"},"content":{"rendered":"<p>Une surface peinte en bleu met en valeur des \u00e9l\u00e9ments m\u00e9caniques superpos\u00e9s pour composer un bijou industriel aux v\u00e9ritables m\u00e9canismes horlogers. Le fermoir dormeuse porte la longueur totale \u00e0 20mm et apporte un l\u00e9ger mouvement au m\u00e9daillon de 12mm.<\/p>\n","protected":false},"excerpt":{"rendered":"<p>Une surface peinte en bleu met en valeur des \u00e9l\u00e9ments m\u00e9caniques superpos\u00e9s pour composer un bijou industriel aux v\u00e9ritables m\u00e9canismes horlogers. Le fermoir dormeuse porte la longueur totale \u00e0 20mm et apporte un l\u00e9ger mouvement au m\u00e9daillon de 12mm.<\/p>\n","protected":false},"featured_media":721,"comment_status":"open","ping_status":"closed","template":"","meta":[],"product_brand":[],"product_cat":[256],"product_tag":[],"class_list":{"0":"post-724","1":"product","2":"type-product","3":"status-publish","4":"has-post-thumbnail","6":"product_cat-boucles-doreilles","7":"pa_charm-pieces-de-montre-uniquement","8":"pa_color-bleu","9":"pa_size-12mm","11":"first","12":"instock","13":"taxable","14":"shipping-taxable","15":"purchasable","16":"product-type-simple"},"_links":{"self":[{"href":"https:\/\/artaora.com\/fr\/wp-json\/wp\/v2\/product\/724","targetHints":{"allow":["GET"]}}],"collection":[{"href":"https:\/\/artaora.com\/fr\/wp-json\/wp\/v2\/product"}],"about":[{"href":"https:\/\/artaora.com\/fr\/wp-json\/wp\/v2\/types\/product"}],"replies":[{"embeddable":true,"href":"https:\/\/artaora.com\/fr\/wp-json\/wp\/v2\/comments?post=724"}],"wp:featuredmedia":[{"embeddable":true,"href":"https:\/\/artaora.com\/fr\/wp-json\/wp\/v2\/media\/721"}],"wp:attachment":[{"href":"https:\/\/artaora.com\/fr\/wp-json\/wp\/v2\/media?parent=724"}],"wp:term":[{"taxonomy":"product_brand","embeddable":true,"href":"https:\/\/artaora.com\/fr\/wp-json\/wp\/v2\/product_brand?post=724"},{"taxonomy":"product_cat","embeddable":true,"href":"https:\/\/artaora.com\/fr\/wp-json\/wp\/v2\/product_cat?post=724"},{"taxonomy":"product_tag","embeddable":true,"href":"https:\/\/artaora.com\/fr\/wp-json\/wp\/v2\/product_tag?post=724"}],"curies":[{"name":"wp","href":"https:\/\/api.w.org\/{rel}","templated":true}]}}