{"id":728,"date":"2026-03-01T12:21:25","date_gmt":"2026-03-01T12:21:25","guid":{"rendered":"https:\/\/artaora.com\/product\/boucles-doreilles-dormeuses-bleues-a-mecanisme-superpose\/"},"modified":"2026-03-01T13:53:12","modified_gmt":"2026-03-01T13:53:12","slug":"boucles-doreilles-dormeuses-bleues-a-mecanisme-superpose","status":"publish","type":"product","link":"https:\/\/artaora.com\/fr\/produit\/boucles-doreilles-dormeuses-bleues-a-mecanisme-superpose\/","title":{"rendered":"Boucles d\u2019oreilles dormeuses bleues \u00e0 m\u00e9canisme superpos\u00e9"},"content":{"rendered":"<p>Des \u00e9l\u00e9ments m\u00e9caniques concentriques reposent sur une base peinte en bleu, formant une boucle d\u2019oreille steampunk compacte \u00e0 forte profondeur visuelle. Scell\u00e9 sous r\u00e9sine, le m\u00e9daillon de 12mm est suspendu \u00e0 un fermoir dormeuse portant la longueur totale \u00e0 20mm.<\/p>\n","protected":false},"excerpt":{"rendered":"<p>Des \u00e9l\u00e9ments m\u00e9caniques concentriques reposent sur une base peinte en bleu, formant une boucle d\u2019oreille steampunk compacte \u00e0 forte profondeur visuelle. Scell\u00e9 sous r\u00e9sine, le m\u00e9daillon de 12mm est suspendu \u00e0 un fermoir dormeuse portant la longueur totale \u00e0 20mm.<\/p>\n","protected":false},"featured_media":725,"comment_status":"open","ping_status":"closed","template":"","meta":[],"product_brand":[],"product_cat":[256],"product_tag":[],"class_list":{"0":"post-728","1":"product","2":"type-product","3":"status-publish","4":"has-post-thumbnail","6":"product_cat-boucles-doreilles","7":"pa_charm-pieces-de-montre-uniquement","8":"pa_color-bleu","9":"pa_size-12mm","11":"first","12":"instock","13":"taxable","14":"shipping-taxable","15":"purchasable","16":"product-type-simple"},"_links":{"self":[{"href":"https:\/\/artaora.com\/fr\/wp-json\/wp\/v2\/product\/728","targetHints":{"allow":["GET"]}}],"collection":[{"href":"https:\/\/artaora.com\/fr\/wp-json\/wp\/v2\/product"}],"about":[{"href":"https:\/\/artaora.com\/fr\/wp-json\/wp\/v2\/types\/product"}],"replies":[{"embeddable":true,"href":"https:\/\/artaora.com\/fr\/wp-json\/wp\/v2\/comments?post=728"}],"wp:featuredmedia":[{"embeddable":true,"href":"https:\/\/artaora.com\/fr\/wp-json\/wp\/v2\/media\/725"}],"wp:attachment":[{"href":"https:\/\/artaora.com\/fr\/wp-json\/wp\/v2\/media?parent=728"}],"wp:term":[{"taxonomy":"product_brand","embeddable":true,"href":"https:\/\/artaora.com\/fr\/wp-json\/wp\/v2\/product_brand?post=728"},{"taxonomy":"product_cat","embeddable":true,"href":"https:\/\/artaora.com\/fr\/wp-json\/wp\/v2\/product_cat?post=728"},{"taxonomy":"product_tag","embeddable":true,"href":"https:\/\/artaora.com\/fr\/wp-json\/wp\/v2\/product_tag?post=728"}],"curies":[{"name":"wp","href":"https:\/\/api.w.org\/{rel}","templated":true}]}}