{"id":732,"date":"2026-03-01T12:21:26","date_gmt":"2026-03-01T12:21:26","guid":{"rendered":"https:\/\/artaora.com\/product\/boucles-doreilles-steampunk-turquoise-a-engrenage-radial-dormeuse\/"},"modified":"2026-03-01T13:53:12","modified_gmt":"2026-03-01T13:53:12","slug":"boucles-doreilles-steampunk-turquoise-a-engrenage-radial-dormeuse","status":"publish","type":"product","link":"https:\/\/artaora.com\/fr\/produit\/boucles-doreilles-steampunk-turquoise-a-engrenage-radial-dormeuse\/","title":{"rendered":"Boucles d\u2019oreilles steampunk turquoise \u00e0 engrenage radial dormeuse"},"content":{"rendered":"<p>Une base peinte en turquoise offre un contraste marqu\u00e9 aux engrenages aux tons laiton dispos\u00e9s en composition radiale. Cet accessoire steampunk artisanal conserve un diam\u00e8tre de 12mm et, avec le fermoir dormeuse, atteint une longueur totale de 20mm pour un port\u00e9 s\u00e9curis\u00e9.<\/p>\n","protected":false},"excerpt":{"rendered":"<p>Une base peinte en turquoise offre un contraste marqu\u00e9 aux engrenages aux tons laiton dispos\u00e9s en composition radiale. Cet accessoire steampunk artisanal conserve un diam\u00e8tre de 12mm et, avec le fermoir dormeuse, atteint une longueur totale de 20mm pour un port\u00e9 s\u00e9curis\u00e9.<\/p>\n","protected":false},"featured_media":729,"comment_status":"open","ping_status":"closed","template":"","meta":[],"product_brand":[],"product_cat":[256],"product_tag":[],"class_list":{"0":"post-732","1":"product","2":"type-product","3":"status-publish","4":"has-post-thumbnail","6":"product_cat-boucles-doreilles","7":"pa_charm-pieces-de-montre-uniquement","8":"pa_color-turquoise","9":"pa_size-12mm","11":"first","12":"instock","13":"taxable","14":"shipping-taxable","15":"purchasable","16":"product-type-simple"},"_links":{"self":[{"href":"https:\/\/artaora.com\/fr\/wp-json\/wp\/v2\/product\/732","targetHints":{"allow":["GET"]}}],"collection":[{"href":"https:\/\/artaora.com\/fr\/wp-json\/wp\/v2\/product"}],"about":[{"href":"https:\/\/artaora.com\/fr\/wp-json\/wp\/v2\/types\/product"}],"replies":[{"embeddable":true,"href":"https:\/\/artaora.com\/fr\/wp-json\/wp\/v2\/comments?post=732"}],"wp:featuredmedia":[{"embeddable":true,"href":"https:\/\/artaora.com\/fr\/wp-json\/wp\/v2\/media\/729"}],"wp:attachment":[{"href":"https:\/\/artaora.com\/fr\/wp-json\/wp\/v2\/media?parent=732"}],"wp:term":[{"taxonomy":"product_brand","embeddable":true,"href":"https:\/\/artaora.com\/fr\/wp-json\/wp\/v2\/product_brand?post=732"},{"taxonomy":"product_cat","embeddable":true,"href":"https:\/\/artaora.com\/fr\/wp-json\/wp\/v2\/product_cat?post=732"},{"taxonomy":"product_tag","embeddable":true,"href":"https:\/\/artaora.com\/fr\/wp-json\/wp\/v2\/product_tag?post=732"}],"curies":[{"name":"wp","href":"https:\/\/api.w.org\/{rel}","templated":true}]}}