{"id":736,"date":"2026-03-01T12:21:27","date_gmt":"2026-03-01T12:21:27","guid":{"rendered":"https:\/\/artaora.com\/product\/boucles-doreilles-industrielles-violettes-avec-pieces-de-montre-dormeuse\/"},"modified":"2026-03-01T13:53:13","modified_gmt":"2026-03-01T13:53:13","slug":"boucles-doreilles-industrielles-violettes-avec-pieces-de-montre-dormeuse","status":"publish","type":"product","link":"https:\/\/artaora.com\/fr\/produit\/boucles-doreilles-industrielles-violettes-avec-pieces-de-montre-dormeuse\/","title":{"rendered":"Boucles d\u2019oreilles industrielles violettes avec pi\u00e8ces de montre dormeuse"},"content":{"rendered":"<p>Sur une base peinte en violet, engrenages apparents et fragments m\u00e9caniques fins composent un contraste marqu\u00e9 entre couleur et m\u00e9tal. Ces boucles d\u2019oreilles industrielles artisanales de 12mm sont mont\u00e9es sur fermoir dormeuse et atteignent 20mm de longueur totale pour un port stable.<\/p>\n","protected":false},"excerpt":{"rendered":"<p>Sur une base peinte en violet, engrenages apparents et fragments m\u00e9caniques fins composent un contraste marqu\u00e9 entre couleur et m\u00e9tal. Ces boucles d\u2019oreilles industrielles artisanales de 12mm sont mont\u00e9es sur fermoir dormeuse et atteignent 20mm de longueur totale pour un port stable.<\/p>\n","protected":false},"featured_media":733,"comment_status":"open","ping_status":"closed","template":"","meta":[],"product_brand":[],"product_cat":[256],"product_tag":[],"class_list":{"0":"post-736","1":"product","2":"type-product","3":"status-publish","4":"has-post-thumbnail","6":"product_cat-boucles-doreilles","7":"pa_charm-pieces-de-montre-uniquement","8":"pa_color-violet","9":"pa_size-12mm","11":"first","12":"instock","13":"taxable","14":"shipping-taxable","15":"purchasable","16":"product-type-simple"},"_links":{"self":[{"href":"https:\/\/artaora.com\/fr\/wp-json\/wp\/v2\/product\/736","targetHints":{"allow":["GET"]}}],"collection":[{"href":"https:\/\/artaora.com\/fr\/wp-json\/wp\/v2\/product"}],"about":[{"href":"https:\/\/artaora.com\/fr\/wp-json\/wp\/v2\/types\/product"}],"replies":[{"embeddable":true,"href":"https:\/\/artaora.com\/fr\/wp-json\/wp\/v2\/comments?post=736"}],"wp:featuredmedia":[{"embeddable":true,"href":"https:\/\/artaora.com\/fr\/wp-json\/wp\/v2\/media\/733"}],"wp:attachment":[{"href":"https:\/\/artaora.com\/fr\/wp-json\/wp\/v2\/media?parent=736"}],"wp:term":[{"taxonomy":"product_brand","embeddable":true,"href":"https:\/\/artaora.com\/fr\/wp-json\/wp\/v2\/product_brand?post=736"},{"taxonomy":"product_cat","embeddable":true,"href":"https:\/\/artaora.com\/fr\/wp-json\/wp\/v2\/product_cat?post=736"},{"taxonomy":"product_tag","embeddable":true,"href":"https:\/\/artaora.com\/fr\/wp-json\/wp\/v2\/product_tag?post=736"}],"curies":[{"name":"wp","href":"https:\/\/api.w.org\/{rel}","templated":true}]}}