{"id":740,"date":"2026-03-01T12:21:29","date_gmt":"2026-03-01T12:21:29","guid":{"rendered":"https:\/\/artaora.com\/product\/boucles-doreilles-steampunk-bleues-a-plaque-mecanique-dormeuse\/"},"modified":"2026-03-01T13:53:13","modified_gmt":"2026-03-01T13:53:13","slug":"boucles-doreilles-steampunk-bleues-a-plaque-mecanique-dormeuse","status":"publish","type":"product","link":"https:\/\/artaora.com\/fr\/produit\/boucles-doreilles-steampunk-bleues-a-plaque-mecanique-dormeuse\/","title":{"rendered":"Boucles d\u2019oreilles steampunk bleues \u00e0 plaque m\u00e9canique dormeuse"},"content":{"rendered":"<p>Des \u00e9l\u00e9ments m\u00e9talliques en forme de pont et des engrenages apparents reposent sur une base peinte en bleu, cr\u00e9ant un bijou en pi\u00e8ces de montre recycl\u00e9es. Le m\u00e9daillon de 12mm est prot\u00e9g\u00e9 par r\u00e9sine et fix\u00e9 sur fermoir dormeuse, pour une longueur totale de 20mm.<\/p>\n","protected":false},"excerpt":{"rendered":"<p>Des \u00e9l\u00e9ments m\u00e9talliques en forme de pont et des engrenages apparents reposent sur une base peinte en bleu, cr\u00e9ant un bijou en pi\u00e8ces de montre recycl\u00e9es. Le m\u00e9daillon de 12mm est prot\u00e9g\u00e9 par r\u00e9sine et fix\u00e9 sur fermoir dormeuse, pour une longueur totale de 20mm.<\/p>\n","protected":false},"featured_media":737,"comment_status":"open","ping_status":"closed","template":"","meta":[],"product_brand":[],"product_cat":[256],"product_tag":[],"class_list":{"0":"post-740","1":"product","2":"type-product","3":"status-publish","4":"has-post-thumbnail","6":"product_cat-boucles-doreilles","7":"pa_charm-pieces-de-montre-uniquement","8":"pa_color-bleu","9":"pa_size-12mm","11":"first","12":"instock","13":"taxable","14":"shipping-taxable","15":"purchasable","16":"product-type-simple"},"_links":{"self":[{"href":"https:\/\/artaora.com\/fr\/wp-json\/wp\/v2\/product\/740","targetHints":{"allow":["GET"]}}],"collection":[{"href":"https:\/\/artaora.com\/fr\/wp-json\/wp\/v2\/product"}],"about":[{"href":"https:\/\/artaora.com\/fr\/wp-json\/wp\/v2\/types\/product"}],"replies":[{"embeddable":true,"href":"https:\/\/artaora.com\/fr\/wp-json\/wp\/v2\/comments?post=740"}],"wp:featuredmedia":[{"embeddable":true,"href":"https:\/\/artaora.com\/fr\/wp-json\/wp\/v2\/media\/737"}],"wp:attachment":[{"href":"https:\/\/artaora.com\/fr\/wp-json\/wp\/v2\/media?parent=740"}],"wp:term":[{"taxonomy":"product_brand","embeddable":true,"href":"https:\/\/artaora.com\/fr\/wp-json\/wp\/v2\/product_brand?post=740"},{"taxonomy":"product_cat","embeddable":true,"href":"https:\/\/artaora.com\/fr\/wp-json\/wp\/v2\/product_cat?post=740"},{"taxonomy":"product_tag","embeddable":true,"href":"https:\/\/artaora.com\/fr\/wp-json\/wp\/v2\/product_tag?post=740"}],"curies":[{"name":"wp","href":"https:\/\/api.w.org\/{rel}","templated":true}]}}