{"id":744,"date":"2026-03-01T12:21:30","date_gmt":"2026-03-01T12:21:30","guid":{"rendered":"https:\/\/artaora.com\/product\/boucles-doreilles-industrielles-blanches-et-dorees-a-engrenages-dormeuse\/"},"modified":"2026-03-01T13:53:14","modified_gmt":"2026-03-01T13:53:14","slug":"boucles-doreilles-industrielles-blanches-et-dorees-a-engrenages-dormeuse","status":"publish","type":"product","link":"https:\/\/artaora.com\/fr\/produit\/boucles-doreilles-industrielles-blanches-et-dorees-a-engrenages-dormeuse\/","title":{"rendered":"Boucles d\u2019oreilles industrielles blanches et dor\u00e9es \u00e0 engrenages dormeuse"},"content":{"rendered":"<p>Une base peinte en blanc offre un contraste net aux engrenages dor\u00e9s et aux composants horlogers scell\u00e9s sous r\u00e9sine. Ces boucles d\u2019oreilles steampunk artisanales de 12mm sont mont\u00e9es sur fermoir dormeuse et atteignent 20mm de longueur totale pour un port s\u00fbr et confortable.<\/p>\n","protected":false},"excerpt":{"rendered":"<p>Une base peinte en blanc offre un contraste net aux engrenages dor\u00e9s et aux composants horlogers scell\u00e9s sous r\u00e9sine. Ces boucles d\u2019oreilles steampunk artisanales de 12mm sont mont\u00e9es sur fermoir dormeuse et atteignent 20mm de longueur totale pour un port s\u00fbr et confortable.<\/p>\n","protected":false},"featured_media":741,"comment_status":"open","ping_status":"closed","template":"","meta":[],"product_brand":[],"product_cat":[256],"product_tag":[],"class_list":{"0":"post-744","1":"product","2":"type-product","3":"status-publish","4":"has-post-thumbnail","6":"product_cat-boucles-doreilles","7":"pa_charm-pieces-de-montre-uniquement","8":"pa_color-blanc","9":"pa_size-12mm","11":"first","12":"instock","13":"taxable","14":"shipping-taxable","15":"purchasable","16":"product-type-simple"},"_links":{"self":[{"href":"https:\/\/artaora.com\/fr\/wp-json\/wp\/v2\/product\/744","targetHints":{"allow":["GET"]}}],"collection":[{"href":"https:\/\/artaora.com\/fr\/wp-json\/wp\/v2\/product"}],"about":[{"href":"https:\/\/artaora.com\/fr\/wp-json\/wp\/v2\/types\/product"}],"replies":[{"embeddable":true,"href":"https:\/\/artaora.com\/fr\/wp-json\/wp\/v2\/comments?post=744"}],"wp:featuredmedia":[{"embeddable":true,"href":"https:\/\/artaora.com\/fr\/wp-json\/wp\/v2\/media\/741"}],"wp:attachment":[{"href":"https:\/\/artaora.com\/fr\/wp-json\/wp\/v2\/media?parent=744"}],"wp:term":[{"taxonomy":"product_brand","embeddable":true,"href":"https:\/\/artaora.com\/fr\/wp-json\/wp\/v2\/product_brand?post=744"},{"taxonomy":"product_cat","embeddable":true,"href":"https:\/\/artaora.com\/fr\/wp-json\/wp\/v2\/product_cat?post=744"},{"taxonomy":"product_tag","embeddable":true,"href":"https:\/\/artaora.com\/fr\/wp-json\/wp\/v2\/product_tag?post=744"}],"curies":[{"name":"wp","href":"https:\/\/api.w.org\/{rel}","templated":true}]}}