{"id":748,"date":"2026-03-01T12:21:31","date_gmt":"2026-03-01T12:21:31","guid":{"rendered":"https:\/\/artaora.com\/product\/boucles-doreilles-steampunk-noires-a-engrenages-contrastes-dormeuse\/"},"modified":"2026-03-01T13:53:14","modified_gmt":"2026-03-01T13:53:14","slug":"boucles-doreilles-steampunk-noires-a-engrenages-contrastes-dormeuse","status":"publish","type":"product","link":"https:\/\/artaora.com\/fr\/produit\/boucles-doreilles-steampunk-noires-a-engrenages-contrastes-dormeuse\/","title":{"rendered":"Boucles d\u2019oreilles steampunk noires \u00e0 engrenages contrast\u00e9s dormeuse"},"content":{"rendered":"<p>Une base peinte en noir accentue le contraste entre plaques m\u00e9talliques claires et engrenages en laiton apparents sur le disque de 12mm. Ces boucles d\u2019oreilles en r\u00e9sine avec m\u00e9canismes horlogers sont mont\u00e9es sur fermoir dormeuse et atteignent 20mm de longueur totale, tout en conservant une silhouette industrielle compacte.<\/p>\n","protected":false},"excerpt":{"rendered":"<p>Une base peinte en noir accentue le contraste entre plaques m\u00e9talliques claires et engrenages en laiton apparents sur le disque de 12mm. Ces boucles d\u2019oreilles en r\u00e9sine avec m\u00e9canismes horlogers sont mont\u00e9es sur fermoir dormeuse et atteignent 20mm de longueur totale, tout en conservant une silhouette industrielle compacte.<\/p>\n","protected":false},"featured_media":745,"comment_status":"open","ping_status":"closed","template":"","meta":[],"product_brand":[],"product_cat":[256],"product_tag":[],"class_list":{"0":"post-748","1":"product","2":"type-product","3":"status-publish","4":"has-post-thumbnail","6":"product_cat-boucles-doreilles","7":"pa_charm-pieces-de-montre-uniquement","8":"pa_color-noir","9":"pa_size-12mm","11":"first","12":"instock","13":"taxable","14":"shipping-taxable","15":"purchasable","16":"product-type-simple"},"_links":{"self":[{"href":"https:\/\/artaora.com\/fr\/wp-json\/wp\/v2\/product\/748","targetHints":{"allow":["GET"]}}],"collection":[{"href":"https:\/\/artaora.com\/fr\/wp-json\/wp\/v2\/product"}],"about":[{"href":"https:\/\/artaora.com\/fr\/wp-json\/wp\/v2\/types\/product"}],"replies":[{"embeddable":true,"href":"https:\/\/artaora.com\/fr\/wp-json\/wp\/v2\/comments?post=748"}],"wp:featuredmedia":[{"embeddable":true,"href":"https:\/\/artaora.com\/fr\/wp-json\/wp\/v2\/media\/745"}],"wp:attachment":[{"href":"https:\/\/artaora.com\/fr\/wp-json\/wp\/v2\/media?parent=748"}],"wp:term":[{"taxonomy":"product_brand","embeddable":true,"href":"https:\/\/artaora.com\/fr\/wp-json\/wp\/v2\/product_brand?post=748"},{"taxonomy":"product_cat","embeddable":true,"href":"https:\/\/artaora.com\/fr\/wp-json\/wp\/v2\/product_cat?post=748"},{"taxonomy":"product_tag","embeddable":true,"href":"https:\/\/artaora.com\/fr\/wp-json\/wp\/v2\/product_tag?post=748"}],"curies":[{"name":"wp","href":"https:\/\/api.w.org\/{rel}","templated":true}]}}