{"id":752,"date":"2026-03-01T12:21:33","date_gmt":"2026-03-01T12:21:33","guid":{"rendered":"https:\/\/artaora.com\/product\/boucles-doreilles-industrielles-rouges-a-engrenages-dormeuse\/"},"modified":"2026-03-01T13:53:15","modified_gmt":"2026-03-01T13:53:15","slug":"boucles-doreilles-industrielles-rouges-a-engrenages-dormeuse","status":"publish","type":"product","link":"https:\/\/artaora.com\/fr\/produit\/boucles-doreilles-industrielles-rouges-a-engrenages-dormeuse\/","title":{"rendered":"Boucles d\u2019oreilles industrielles rouges \u00e0 engrenages dormeuse"},"content":{"rendered":"<p>Une peinture rouge vive cr\u00e9e un fond affirm\u00e9 pour des engrenages en laiton et des \u00e9l\u00e9ments m\u00e9talliques int\u00e9gr\u00e9s sous r\u00e9sine. Cette paire de boucles d\u2019oreilles en r\u00e9sine artisanales repose sur un disque de 12mm et, gr\u00e2ce au fermoir dormeuse, atteint 20mm de longueur totale avec une pr\u00e9sence verticale marqu\u00e9e.<\/p>\n","protected":false},"excerpt":{"rendered":"<p>Une peinture rouge vive cr\u00e9e un fond affirm\u00e9 pour des engrenages en laiton et des \u00e9l\u00e9ments m\u00e9talliques int\u00e9gr\u00e9s sous r\u00e9sine. Cette paire de boucles d\u2019oreilles en r\u00e9sine artisanales repose sur un disque de 12mm et, gr\u00e2ce au fermoir dormeuse, atteint 20mm de longueur totale avec une pr\u00e9sence verticale marqu\u00e9e.<\/p>\n","protected":false},"featured_media":749,"comment_status":"open","ping_status":"closed","template":"","meta":[],"product_brand":[],"product_cat":[256],"product_tag":[],"class_list":{"0":"post-752","1":"product","2":"type-product","3":"status-publish","4":"has-post-thumbnail","6":"product_cat-boucles-doreilles","7":"pa_charm-pieces-de-montre-uniquement","8":"pa_color-rouge","9":"pa_size-12mm","11":"first","12":"instock","13":"taxable","14":"shipping-taxable","15":"purchasable","16":"product-type-simple"},"_links":{"self":[{"href":"https:\/\/artaora.com\/fr\/wp-json\/wp\/v2\/product\/752","targetHints":{"allow":["GET"]}}],"collection":[{"href":"https:\/\/artaora.com\/fr\/wp-json\/wp\/v2\/product"}],"about":[{"href":"https:\/\/artaora.com\/fr\/wp-json\/wp\/v2\/types\/product"}],"replies":[{"embeddable":true,"href":"https:\/\/artaora.com\/fr\/wp-json\/wp\/v2\/comments?post=752"}],"wp:featuredmedia":[{"embeddable":true,"href":"https:\/\/artaora.com\/fr\/wp-json\/wp\/v2\/media\/749"}],"wp:attachment":[{"href":"https:\/\/artaora.com\/fr\/wp-json\/wp\/v2\/media?parent=752"}],"wp:term":[{"taxonomy":"product_brand","embeddable":true,"href":"https:\/\/artaora.com\/fr\/wp-json\/wp\/v2\/product_brand?post=752"},{"taxonomy":"product_cat","embeddable":true,"href":"https:\/\/artaora.com\/fr\/wp-json\/wp\/v2\/product_cat?post=752"},{"taxonomy":"product_tag","embeddable":true,"href":"https:\/\/artaora.com\/fr\/wp-json\/wp\/v2\/product_tag?post=752"}],"curies":[{"name":"wp","href":"https:\/\/api.w.org\/{rel}","templated":true}]}}