{"id":756,"date":"2026-03-01T12:21:34","date_gmt":"2026-03-01T12:21:34","guid":{"rendered":"https:\/\/artaora.com\/product\/boucles-doreilles-industrielles-bleu-et-orange-a-engrenages-recycles\/"},"modified":"2026-03-01T13:53:16","modified_gmt":"2026-03-01T13:53:16","slug":"boucles-doreilles-industrielles-bleu-et-orange-a-engrenages-recycles","status":"publish","type":"product","link":"https:\/\/artaora.com\/fr\/produit\/boucles-doreilles-industrielles-bleu-et-orange-a-engrenages-recycles\/","title":{"rendered":"Boucles d\u2019Oreilles Industrielles Bleu et Orange \u00e0 Engrenages Recycl\u00e9s"},"content":{"rendered":"<p>Les nuances bleu et orange structurent la base en acier inoxydable peinte, mettant en valeur des pi\u00e8ces d\u2019horlogerie recycl\u00e9es prot\u00e9g\u00e9es par r\u00e9sine. Le disque de 25mm est prolong\u00e9 par des crochets longs pour atteindre 65mm de longueur totale. Une cr\u00e9ation steampunk \u00e0 identit\u00e9 m\u00e9canique affirm\u00e9e.<\/p>\n","protected":false},"excerpt":{"rendered":"<p>Les nuances bleu et orange structurent la base en acier inoxydable peinte, mettant en valeur des pi\u00e8ces d\u2019horlogerie recycl\u00e9es prot\u00e9g\u00e9es par r\u00e9sine. Le disque de 25mm est prolong\u00e9 par des crochets longs pour atteindre 65mm de longueur totale. Une cr\u00e9ation steampunk \u00e0 identit\u00e9 m\u00e9canique affirm\u00e9e.<\/p>\n","protected":false},"featured_media":753,"comment_status":"open","ping_status":"closed","template":"","meta":[],"product_brand":[],"product_cat":[256],"product_tag":[],"class_list":{"0":"post-756","1":"product","2":"type-product","3":"status-publish","4":"has-post-thumbnail","6":"product_cat-boucles-doreilles","7":"pa_charm-pieces-de-montre-uniquement","8":"pa_color-bleu","9":"pa_color-orange","10":"pa_size-25mm","12":"first","13":"instock","14":"taxable","15":"shipping-taxable","16":"purchasable","17":"product-type-simple"},"_links":{"self":[{"href":"https:\/\/artaora.com\/fr\/wp-json\/wp\/v2\/product\/756","targetHints":{"allow":["GET"]}}],"collection":[{"href":"https:\/\/artaora.com\/fr\/wp-json\/wp\/v2\/product"}],"about":[{"href":"https:\/\/artaora.com\/fr\/wp-json\/wp\/v2\/types\/product"}],"replies":[{"embeddable":true,"href":"https:\/\/artaora.com\/fr\/wp-json\/wp\/v2\/comments?post=756"}],"wp:featuredmedia":[{"embeddable":true,"href":"https:\/\/artaora.com\/fr\/wp-json\/wp\/v2\/media\/753"}],"wp:attachment":[{"href":"https:\/\/artaora.com\/fr\/wp-json\/wp\/v2\/media?parent=756"}],"wp:term":[{"taxonomy":"product_brand","embeddable":true,"href":"https:\/\/artaora.com\/fr\/wp-json\/wp\/v2\/product_brand?post=756"},{"taxonomy":"product_cat","embeddable":true,"href":"https:\/\/artaora.com\/fr\/wp-json\/wp\/v2\/product_cat?post=756"},{"taxonomy":"product_tag","embeddable":true,"href":"https:\/\/artaora.com\/fr\/wp-json\/wp\/v2\/product_tag?post=756"}],"curies":[{"name":"wp","href":"https:\/\/api.w.org\/{rel}","templated":true}]}}