{"id":760,"date":"2026-03-01T12:21:35","date_gmt":"2026-03-01T12:21:35","guid":{"rendered":"https:\/\/artaora.com\/product\/boucles-doreilles-bleues-steampunk-cupcake-mecanique\/"},"modified":"2026-03-01T13:53:16","modified_gmt":"2026-03-01T13:53:16","slug":"boucles-doreilles-bleues-steampunk-cupcake-mecanique","status":"publish","type":"product","link":"https:\/\/artaora.com\/fr\/produit\/boucles-doreilles-bleues-steampunk-cupcake-mecanique\/","title":{"rendered":"Boucles d\u2019Oreilles Bleues Steampunk Cupcake M\u00e9canique"},"content":{"rendered":"<p>Une base en acier inoxydable peinte en bleu met en sc\u00e8ne un cupcake plac\u00e9 au-dessus de pi\u00e8ces d\u2019horlogerie recycl\u00e9es scell\u00e9es sous r\u00e9sine. Le disque de 25mm est suspendu \u00e0 des crochets longs pour atteindre 65mm de longueur totale. Une paire de boucles steampunk m\u00ealant fantaisie gourmande et m\u00e9canique.<\/p>\n","protected":false},"excerpt":{"rendered":"<p>Une base en acier inoxydable peinte en bleu met en sc\u00e8ne un cupcake plac\u00e9 au-dessus de pi\u00e8ces d\u2019horlogerie recycl\u00e9es scell\u00e9es sous r\u00e9sine. Le disque de 25mm est suspendu \u00e0 des crochets longs pour atteindre 65mm de longueur totale. Une paire de boucles steampunk m\u00ealant fantaisie gourmande et m\u00e9canique.<\/p>\n","protected":false},"featured_media":757,"comment_status":"open","ping_status":"closed","template":"","meta":[],"product_brand":[],"product_cat":[256],"product_tag":[],"class_list":{"0":"post-760","1":"product","2":"type-product","3":"status-publish","4":"has-post-thumbnail","6":"product_cat-boucles-doreilles","7":"pa_charm-cupcake","8":"pa_charm-nourriture","9":"pa_color-bleu","10":"pa_size-25mm","12":"first","13":"instock","14":"taxable","15":"shipping-taxable","16":"purchasable","17":"product-type-simple"},"_links":{"self":[{"href":"https:\/\/artaora.com\/fr\/wp-json\/wp\/v2\/product\/760","targetHints":{"allow":["GET"]}}],"collection":[{"href":"https:\/\/artaora.com\/fr\/wp-json\/wp\/v2\/product"}],"about":[{"href":"https:\/\/artaora.com\/fr\/wp-json\/wp\/v2\/types\/product"}],"replies":[{"embeddable":true,"href":"https:\/\/artaora.com\/fr\/wp-json\/wp\/v2\/comments?post=760"}],"wp:featuredmedia":[{"embeddable":true,"href":"https:\/\/artaora.com\/fr\/wp-json\/wp\/v2\/media\/757"}],"wp:attachment":[{"href":"https:\/\/artaora.com\/fr\/wp-json\/wp\/v2\/media?parent=760"}],"wp:term":[{"taxonomy":"product_brand","embeddable":true,"href":"https:\/\/artaora.com\/fr\/wp-json\/wp\/v2\/product_brand?post=760"},{"taxonomy":"product_cat","embeddable":true,"href":"https:\/\/artaora.com\/fr\/wp-json\/wp\/v2\/product_cat?post=760"},{"taxonomy":"product_tag","embeddable":true,"href":"https:\/\/artaora.com\/fr\/wp-json\/wp\/v2\/product_tag?post=760"}],"curies":[{"name":"wp","href":"https:\/\/api.w.org\/{rel}","templated":true}]}}