{"id":764,"date":"2026-03-01T12:21:36","date_gmt":"2026-03-01T12:21:36","guid":{"rendered":"https:\/\/artaora.com\/product\/boucles-doreilles-vertes-minimalistes-a-mecanismes\/"},"modified":"2026-03-01T13:53:17","modified_gmt":"2026-03-01T13:53:17","slug":"boucles-doreilles-vertes-minimalistes-a-mecanismes","status":"publish","type":"product","link":"https:\/\/artaora.com\/fr\/produit\/boucles-doreilles-vertes-minimalistes-a-mecanismes\/","title":{"rendered":"Boucles d\u2019Oreilles Vertes Minimalistes \u00e0 M\u00e9canismes"},"content":{"rendered":"<p>La teinte verte appliqu\u00e9e sur la base en acier inoxydable met en valeur les pi\u00e8ces d\u2019horlogerie recycl\u00e9es prot\u00e9g\u00e9es par r\u00e9sine. Le m\u00e9daillon de 25mm est prolong\u00e9 par des crochets longs pour atteindre 65mm de longueur totale. Une approche \u00e9pur\u00e9e des boucles m\u00e9caniques faites main.<\/p>\n","protected":false},"excerpt":{"rendered":"<p>La teinte verte appliqu\u00e9e sur la base en acier inoxydable met en valeur les pi\u00e8ces d\u2019horlogerie recycl\u00e9es prot\u00e9g\u00e9es par r\u00e9sine. Le m\u00e9daillon de 25mm est prolong\u00e9 par des crochets longs pour atteindre 65mm de longueur totale. Une approche \u00e9pur\u00e9e des boucles m\u00e9caniques faites main.<\/p>\n","protected":false},"featured_media":761,"comment_status":"open","ping_status":"closed","template":"","meta":[],"product_brand":[],"product_cat":[256],"product_tag":[],"class_list":{"0":"post-764","1":"product","2":"type-product","3":"status-publish","4":"has-post-thumbnail","6":"product_cat-boucles-doreilles","7":"pa_charm-pieces-de-montre-uniquement","8":"pa_color-vert","9":"pa_size-25mm","11":"first","12":"instock","13":"taxable","14":"shipping-taxable","15":"purchasable","16":"product-type-simple"},"_links":{"self":[{"href":"https:\/\/artaora.com\/fr\/wp-json\/wp\/v2\/product\/764","targetHints":{"allow":["GET"]}}],"collection":[{"href":"https:\/\/artaora.com\/fr\/wp-json\/wp\/v2\/product"}],"about":[{"href":"https:\/\/artaora.com\/fr\/wp-json\/wp\/v2\/types\/product"}],"replies":[{"embeddable":true,"href":"https:\/\/artaora.com\/fr\/wp-json\/wp\/v2\/comments?post=764"}],"wp:featuredmedia":[{"embeddable":true,"href":"https:\/\/artaora.com\/fr\/wp-json\/wp\/v2\/media\/761"}],"wp:attachment":[{"href":"https:\/\/artaora.com\/fr\/wp-json\/wp\/v2\/media?parent=764"}],"wp:term":[{"taxonomy":"product_brand","embeddable":true,"href":"https:\/\/artaora.com\/fr\/wp-json\/wp\/v2\/product_brand?post=764"},{"taxonomy":"product_cat","embeddable":true,"href":"https:\/\/artaora.com\/fr\/wp-json\/wp\/v2\/product_cat?post=764"},{"taxonomy":"product_tag","embeddable":true,"href":"https:\/\/artaora.com\/fr\/wp-json\/wp\/v2\/product_tag?post=764"}],"curies":[{"name":"wp","href":"https:\/\/api.w.org\/{rel}","templated":true}]}}