{"id":768,"date":"2026-03-01T12:21:38","date_gmt":"2026-03-01T12:21:38","guid":{"rendered":"https:\/\/artaora.com\/product\/boucles-doreilles-industrielles-violettes-a-engrenages-recycles\/"},"modified":"2026-03-01T13:53:17","modified_gmt":"2026-03-01T13:53:17","slug":"boucles-doreilles-industrielles-violettes-a-engrenages-recycles","status":"publish","type":"product","link":"https:\/\/artaora.com\/fr\/produit\/boucles-doreilles-industrielles-violettes-a-engrenages-recycles\/","title":{"rendered":"Boucles d\u2019Oreilles Industrielles Violettes \u00e0 Engrenages Recycl\u00e9s"},"content":{"rendered":"<p>Une base en acier inoxydable peinte en violet met en valeur des engrenages horlogers recycl\u00e9s scell\u00e9s sous r\u00e9sine. Le m\u00e9daillon de 25mm est prolong\u00e9 par des crochets longs pour atteindre 65mm de longueur totale. Une paire affirm\u00e9e de boucles steampunk \u00e0 esth\u00e9tique m\u00e9canique.<\/p>\n","protected":false},"excerpt":{"rendered":"<p>Une base en acier inoxydable peinte en violet met en valeur des engrenages horlogers recycl\u00e9s scell\u00e9s sous r\u00e9sine. Le m\u00e9daillon de 25mm est prolong\u00e9 par des crochets longs pour atteindre 65mm de longueur totale. Une paire affirm\u00e9e de boucles steampunk \u00e0 esth\u00e9tique m\u00e9canique.<\/p>\n","protected":false},"featured_media":765,"comment_status":"open","ping_status":"closed","template":"","meta":[],"product_brand":[],"product_cat":[256],"product_tag":[],"class_list":{"0":"post-768","1":"product","2":"type-product","3":"status-publish","4":"has-post-thumbnail","6":"product_cat-boucles-doreilles","7":"pa_charm-pieces-de-montre-uniquement","8":"pa_color-violet","9":"pa_size-25mm","11":"first","12":"instock","13":"taxable","14":"shipping-taxable","15":"purchasable","16":"product-type-simple"},"_links":{"self":[{"href":"https:\/\/artaora.com\/fr\/wp-json\/wp\/v2\/product\/768","targetHints":{"allow":["GET"]}}],"collection":[{"href":"https:\/\/artaora.com\/fr\/wp-json\/wp\/v2\/product"}],"about":[{"href":"https:\/\/artaora.com\/fr\/wp-json\/wp\/v2\/types\/product"}],"replies":[{"embeddable":true,"href":"https:\/\/artaora.com\/fr\/wp-json\/wp\/v2\/comments?post=768"}],"wp:featuredmedia":[{"embeddable":true,"href":"https:\/\/artaora.com\/fr\/wp-json\/wp\/v2\/media\/765"}],"wp:attachment":[{"href":"https:\/\/artaora.com\/fr\/wp-json\/wp\/v2\/media?parent=768"}],"wp:term":[{"taxonomy":"product_brand","embeddable":true,"href":"https:\/\/artaora.com\/fr\/wp-json\/wp\/v2\/product_brand?post=768"},{"taxonomy":"product_cat","embeddable":true,"href":"https:\/\/artaora.com\/fr\/wp-json\/wp\/v2\/product_cat?post=768"},{"taxonomy":"product_tag","embeddable":true,"href":"https:\/\/artaora.com\/fr\/wp-json\/wp\/v2\/product_tag?post=768"}],"curies":[{"name":"wp","href":"https:\/\/api.w.org\/{rel}","templated":true}]}}