{"id":772,"date":"2026-03-01T12:21:39","date_gmt":"2026-03-01T12:21:39","guid":{"rendered":"https:\/\/artaora.com\/product\/boucles-doreilles-beige-steampunk-au-coeur-mecanique\/"},"modified":"2026-03-01T13:53:18","modified_gmt":"2026-03-01T13:53:18","slug":"boucles-doreilles-beige-steampunk-au-coeur-mecanique","status":"publish","type":"product","link":"https:\/\/artaora.com\/fr\/produit\/boucles-doreilles-beige-steampunk-au-coeur-mecanique\/","title":{"rendered":"Boucles d\u2019Oreilles Beige Steampunk au C\u0153ur M\u00e9canique"},"content":{"rendered":"<p>Au centre d\u2019une base en acier inoxydable peinte en beige se trouve un c\u0153ur pos\u00e9 au-dessus de pi\u00e8ces d\u2019horlogerie recycl\u00e9es scell\u00e9es sous r\u00e9sine. Le m\u00e9daillon de 25mm est suspendu \u00e0 des crochets longs pour atteindre 65mm de longueur totale. Une paire steampunk m\u00ealant symbole affectif et m\u00e9canique.<\/p>\n","protected":false},"excerpt":{"rendered":"<p>Au centre d\u2019une base en acier inoxydable peinte en beige se trouve un c\u0153ur pos\u00e9 au-dessus de pi\u00e8ces d\u2019horlogerie recycl\u00e9es scell\u00e9es sous r\u00e9sine. Le m\u00e9daillon de 25mm est suspendu \u00e0 des crochets longs pour atteindre 65mm de longueur totale. Une paire steampunk m\u00ealant symbole affectif et m\u00e9canique.<\/p>\n","protected":false},"featured_media":769,"comment_status":"open","ping_status":"closed","template":"","meta":[],"product_brand":[],"product_cat":[256],"product_tag":[],"class_list":{"0":"post-772","1":"product","2":"type-product","3":"status-publish","4":"has-post-thumbnail","6":"product_cat-boucles-doreilles","7":"pa_charm-amour","8":"pa_charm-coeur","9":"pa_color-beige","10":"pa_size-25mm","12":"first","13":"instock","14":"taxable","15":"shipping-taxable","16":"purchasable","17":"product-type-simple"},"_links":{"self":[{"href":"https:\/\/artaora.com\/fr\/wp-json\/wp\/v2\/product\/772","targetHints":{"allow":["GET"]}}],"collection":[{"href":"https:\/\/artaora.com\/fr\/wp-json\/wp\/v2\/product"}],"about":[{"href":"https:\/\/artaora.com\/fr\/wp-json\/wp\/v2\/types\/product"}],"replies":[{"embeddable":true,"href":"https:\/\/artaora.com\/fr\/wp-json\/wp\/v2\/comments?post=772"}],"wp:featuredmedia":[{"embeddable":true,"href":"https:\/\/artaora.com\/fr\/wp-json\/wp\/v2\/media\/769"}],"wp:attachment":[{"href":"https:\/\/artaora.com\/fr\/wp-json\/wp\/v2\/media?parent=772"}],"wp:term":[{"taxonomy":"product_brand","embeddable":true,"href":"https:\/\/artaora.com\/fr\/wp-json\/wp\/v2\/product_brand?post=772"},{"taxonomy":"product_cat","embeddable":true,"href":"https:\/\/artaora.com\/fr\/wp-json\/wp\/v2\/product_cat?post=772"},{"taxonomy":"product_tag","embeddable":true,"href":"https:\/\/artaora.com\/fr\/wp-json\/wp\/v2\/product_tag?post=772"}],"curies":[{"name":"wp","href":"https:\/\/api.w.org\/{rel}","templated":true}]}}