{"id":780,"date":"2026-03-01T12:21:41","date_gmt":"2026-03-01T12:21:41","guid":{"rendered":"https:\/\/artaora.com\/product\/boucles-doreilles-jaunes-steampunk-au-coeur-mecanique\/"},"modified":"2026-03-01T13:53:19","modified_gmt":"2026-03-01T13:53:19","slug":"boucles-doreilles-jaunes-steampunk-au-coeur-mecanique","status":"publish","type":"product","link":"https:\/\/artaora.com\/fr\/produit\/boucles-doreilles-jaunes-steampunk-au-coeur-mecanique\/","title":{"rendered":"Boucles d\u2019Oreilles Jaunes Steampunk au C\u0153ur M\u00e9canique"},"content":{"rendered":"<p>La base en acier inoxydable peinte en jaune vif contraste avec les pi\u00e8ces d\u2019horlogerie recycl\u00e9es prot\u00e9g\u00e9es par r\u00e9sine. Un c\u0153ur s\u2019impose au centre du disque de 25mm, au-dessus des composants m\u00e9caniques. Les crochets longs portent la longueur totale \u00e0 65mm pour une pr\u00e9sence affirm\u00e9e.<\/p>\n","protected":false},"excerpt":{"rendered":"<p>La base en acier inoxydable peinte en jaune vif contraste avec les pi\u00e8ces d\u2019horlogerie recycl\u00e9es prot\u00e9g\u00e9es par r\u00e9sine. Un c\u0153ur s\u2019impose au centre du disque de 25mm, au-dessus des composants m\u00e9caniques. Les crochets longs portent la longueur totale \u00e0 65mm pour une pr\u00e9sence affirm\u00e9e.<\/p>\n","protected":false},"featured_media":777,"comment_status":"open","ping_status":"closed","template":"","meta":[],"product_brand":[],"product_cat":[256],"product_tag":[],"class_list":{"0":"post-780","1":"product","2":"type-product","3":"status-publish","4":"has-post-thumbnail","6":"product_cat-boucles-doreilles","7":"pa_charm-amour","8":"pa_charm-coeur","9":"pa_color-jaune","10":"pa_size-25mm","12":"first","13":"instock","14":"taxable","15":"shipping-taxable","16":"purchasable","17":"product-type-simple"},"_links":{"self":[{"href":"https:\/\/artaora.com\/fr\/wp-json\/wp\/v2\/product\/780","targetHints":{"allow":["GET"]}}],"collection":[{"href":"https:\/\/artaora.com\/fr\/wp-json\/wp\/v2\/product"}],"about":[{"href":"https:\/\/artaora.com\/fr\/wp-json\/wp\/v2\/types\/product"}],"replies":[{"embeddable":true,"href":"https:\/\/artaora.com\/fr\/wp-json\/wp\/v2\/comments?post=780"}],"wp:featuredmedia":[{"embeddable":true,"href":"https:\/\/artaora.com\/fr\/wp-json\/wp\/v2\/media\/777"}],"wp:attachment":[{"href":"https:\/\/artaora.com\/fr\/wp-json\/wp\/v2\/media?parent=780"}],"wp:term":[{"taxonomy":"product_brand","embeddable":true,"href":"https:\/\/artaora.com\/fr\/wp-json\/wp\/v2\/product_brand?post=780"},{"taxonomy":"product_cat","embeddable":true,"href":"https:\/\/artaora.com\/fr\/wp-json\/wp\/v2\/product_cat?post=780"},{"taxonomy":"product_tag","embeddable":true,"href":"https:\/\/artaora.com\/fr\/wp-json\/wp\/v2\/product_tag?post=780"}],"curies":[{"name":"wp","href":"https:\/\/api.w.org\/{rel}","templated":true}]}}